{"id":11329,"date":"2024-02-02T10:55:01","date_gmt":"2024-02-02T10:55:01","guid":{"rendered":"https:\/\/www.averwee.be\/site\/?page_id=11329"},"modified":"2024-02-14T10:18:57","modified_gmt":"2024-02-14T10:18:57","slug":"enseignement-general-3","status":"publish","type":"page","link":"https:\/\/www.averwee.be\/site\/enseignement-general-3\/","title":{"rendered":"ENSEIGNEMENT G\u00c9N\u00c9RAL"},"content":{"rendered":"\t\t<div data-elementor-type=\"wp-post\" data-elementor-id=\"11329\" class=\"elementor elementor-11329\">\n\t\t\t\t\t\t<section class=\"elementor-section elementor-top-section elementor-element elementor-element-57edc4a elementor-section-content-middle elementor-section-boxed elementor-section-height-default elementor-section-height-default\" data-id=\"57edc4a\" data-element_type=\"section\">\n\t\t\t\t\t\t<div class=\"elementor-container elementor-column-gap-extended\">\n\t\t\t\t\t<div class=\"elementor-column elementor-col-100 elementor-top-column elementor-element elementor-element-f8af7c9 sc_layouts_column_icons_position_left\" data-id=\"f8af7c9\" data-element_type=\"column\">\n\t\t\t<div class=\"elementor-widget-wrap elementor-element-populated\">\n\t\t\t\t\t\t<div class=\"elementor-element elementor-element-37e16ef sc_fly_static elementor-widget elementor-widget-heading\" data-id=\"37e16ef\" data-element_type=\"widget\" data-widget_type=\"heading.default\">\n\t\t\t\t<div class=\"elementor-widget-container\">\n\t\t\t\t\t<h3 class=\"elementor-heading-title elementor-size-default\">Enseignement G\u00e9n\u00e9ral<\/h3>\t\t\t\t<\/div>\n\t\t\t\t<\/div>\n\t\t\t\t\t<\/div>\n\t\t<\/div>\n\t\t\t\t\t<\/div>\n\t\t<\/section>\n\t\t\t\t<section class=\"elementor-section elementor-top-section elementor-element elementor-element-7d18f42 elementor-section-boxed elementor-section-height-default elementor-section-height-default\" data-id=\"7d18f42\" data-element_type=\"section\">\n\t\t\t\t\t\t<div class=\"elementor-container elementor-column-gap-extended\">\n\t\t\t\t\t<div class=\"elementor-column elementor-col-100 elementor-top-column elementor-element elementor-element-f532051 sc_layouts_column_icons_position_left\" data-id=\"f532051\" data-element_type=\"column\" data-settings=\"{&quot;background_background&quot;:&quot;classic&quot;}\">\n\t\t\t<div class=\"elementor-widget-wrap elementor-element-populated\">\n\t\t\t\t\t\t<div class=\"elementor-element elementor-element-b0fb494 color-cls sc_fly_static elementor-widget elementor-widget-trx_sc_title\" data-id=\"b0fb494\" data-element_type=\"widget\" id=\"font-css\" data-widget_type=\"trx_sc_title.default\">\n\t\t\t\t<div class=\"elementor-widget-container\">\n\t\t\t\t\t<div id=\"font-css_sc\"\n\t\tclass=\"sc_title sc_title_default\"><h1 class=\"sc_item_title sc_title_title sc_item_title_style_default sc_item_title_tag trx_addons_inline_401279183\"><span class=\"sc_item_title_inner\"><span class=\"sc_item_title_text\">Grilles des cours<\/span><\/span><\/h1><\/div><!-- \/.sc_title -->\t\t\t\t<\/div>\n\t\t\t\t<\/div>\n\t\t\t\t<div class=\"elementor-element elementor-element-bb91d00 color-cls sc_fly_static elementor-widget elementor-widget-trx_sc_title\" data-id=\"bb91d00\" data-element_type=\"widget\" data-widget_type=\"trx_sc_title.default\">\n\t\t\t\t<div class=\"elementor-widget-container\">\n\t\t\t\t\t<div id=\"trx_sc_title_1953189450\"\n\t\tclass=\"sc_title sc_title_shadow\"><h2 class=\"sc_item_title sc_title_title sc_item_title_style_shadow sc_item_title_tag trx_addons_inline_386905344\"><span class=\"sc_item_title_inner\"><span class=\"sc_item_title_text\">Enseignement G\u00e9n\u00e9ral<\/span><\/span><\/h2><\/div><!-- \/.sc_title -->\t\t\t\t<\/div>\n\t\t\t\t<\/div>\n\t\t\t\t\t<\/div>\n\t\t<\/div>\n\t\t\t\t\t<\/div>\n\t\t<\/section>\n\t\t\t\t<section class=\"elementor-section elementor-top-section elementor-element elementor-element-fade010 elementor-section-boxed elementor-section-height-default elementor-section-height-default\" data-id=\"fade010\" data-element_type=\"section\">\n\t\t\t\t\t\t<div class=\"elementor-container elementor-column-gap-extended\">\n\t\t\t\t\t<div class=\"elementor-column elementor-col-33 elementor-top-column elementor-element elementor-element-0d4261c sc_layouts_column_icons_position_left\" data-id=\"0d4261c\" data-element_type=\"column\">\n\t\t\t<div class=\"elementor-widget-wrap elementor-element-populated\">\n\t\t\t\t\t\t<div class=\"elementor-element elementor-element-943b91c elementor-widget__width-initial sc_fly_static elementor-widget elementor-widget-heading\" data-id=\"943b91c\" data-element_type=\"widget\" data-widget_type=\"heading.default\">\n\t\t\t\t<div class=\"elementor-widget-container\">\n\t\t\t\t\t<span class=\"elementor-heading-title elementor-size-small\"><a href=\"https:\/\/www.averwee.be\/site\/wp-content\/uploads\/2024\/02\/Grille-1C-2023-2024-1-2.pdf\"><a class=\"tatsu-shortcode smallbtn tatsu-button left-icon circular   bg-animation-none  \" href=\"https:\/\/www.averwee.be\/site\/wp-content\/uploads\/2024\/02\/Grille-1C-2023-2024-1-2.pdf\" aria-label=\"Premier degr\u00e9\" data-gdpr-atts=\"{}\" target=\"_blank\"><i class=\"tatsu-icon fa fa-download\"><\/i> 1e ann\u00e9e<\/a><\/a><\/span>\t\t\t\t<\/div>\n\t\t\t\t<\/div>\n\t\t\t\t<div class=\"elementor-element elementor-element-6899373 elementor-widget__width-initial sc_fly_static elementor-widget elementor-widget-heading\" data-id=\"6899373\" data-element_type=\"widget\" data-widget_type=\"heading.default\">\n\t\t\t\t<div class=\"elementor-widget-container\">\n\t\t\t\t\t<span class=\"elementor-heading-title elementor-size-small\"><a href=\"https:\/\/www.averwee.be\/site\/wp-content\/uploads\/2024\/02\/Grille-2C-2023-2024-1-3.pdf\"><a class=\"tatsu-shortcode smallbtn tatsu-button left-icon circular   bg-animation-none  \" href=\"https:\/\/www.averwee.be\/site\/wp-content\/uploads\/2024\/02\/Grille-2C-2023-2024-1-3.pdf\" aria-label=\"Premier degr\u00e9\" data-gdpr-atts=\"{}\" target=\"_blank\"><i class=\"tatsu-icon fa fa-download\"><\/i> 2e ann\u00e9e<\/a><\/a><\/span>\t\t\t\t<\/div>\n\t\t\t\t<\/div>\n\t\t\t\t\t<\/div>\n\t\t<\/div>\n\t\t\t\t<div class=\"elementor-column elementor-col-33 elementor-top-column elementor-element elementor-element-ecdce9c sc_layouts_column_icons_position_left\" data-id=\"ecdce9c\" data-element_type=\"column\">\n\t\t\t<div class=\"elementor-widget-wrap elementor-element-populated\">\n\t\t\t\t\t\t<div class=\"elementor-element elementor-element-a42f021 elementor-widget__width-initial sc_fly_static elementor-widget elementor-widget-heading\" data-id=\"a42f021\" data-element_type=\"widget\" data-widget_type=\"heading.default\">\n\t\t\t\t<div class=\"elementor-widget-container\">\n\t\t\t\t\t<span class=\"elementor-heading-title elementor-size-small\"><a href=\"https:\/\/www.averwee.be\/site\/wp-content\/uploads\/2024\/02\/Grille-3G-2023-2024-1-2.pdf\"><a class=\"tatsu-shortcode smallbtn tatsu-button left-icon circular   bg-animation-none  \" href=\"https:\/\/www.averwee.be\/site\/wp-content\/uploads\/2024\/02\/Grille-3G-2023-2024-1-2.pdf\" aria-label=\"Premier degr\u00e9\" data-gdpr-atts=\"{}\" target=\"_blank\"><i class=\"tatsu-icon fa fa-download\"><\/i> 3e ann\u00e9e<\/a><\/a><\/span>\t\t\t\t<\/div>\n\t\t\t\t<\/div>\n\t\t\t\t<div class=\"elementor-element elementor-element-9711911 elementor-widget__width-initial sc_fly_static elementor-widget elementor-widget-heading\" data-id=\"9711911\" data-element_type=\"widget\" data-widget_type=\"heading.default\">\n\t\t\t\t<div class=\"elementor-widget-container\">\n\t\t\t\t\t<span class=\"elementor-heading-title elementor-size-small\"><a href=\"https:\/\/www.averwee.be\/site\/wp-content\/uploads\/2024\/02\/Grille-4G-2023-2024-1-2.pdf\"><a class=\"tatsu-shortcode smallbtn tatsu-button left-icon circular   bg-animation-none  \" href=\"https:\/\/www.averwee.be\/site\/wp-content\/uploads\/2024\/02\/Grille-4G-2023-2024-1-2.pdf\" aria-label=\"Premier degr\u00e9\" data-gdpr-atts=\"{}\" target=\"_blank\"><i class=\"tatsu-icon fa fa-download\"><\/i>4e ann\u00e9e<\/a><\/a><\/span>\t\t\t\t<\/div>\n\t\t\t\t<\/div>\n\t\t\t\t\t<\/div>\n\t\t<\/div>\n\t\t\t\t<div class=\"elementor-column elementor-col-33 elementor-top-column elementor-element elementor-element-e4f7f94 sc_layouts_column_icons_position_left\" data-id=\"e4f7f94\" data-element_type=\"column\">\n\t\t\t<div class=\"elementor-widget-wrap elementor-element-populated\">\n\t\t\t\t\t\t<div class=\"elementor-element elementor-element-e3b80e5 elementor-widget__width-initial sc_fly_static elementor-widget elementor-widget-heading\" data-id=\"e3b80e5\" data-element_type=\"widget\" data-widget_type=\"heading.default\">\n\t\t\t\t<div class=\"elementor-widget-container\">\n\t\t\t\t\t<span class=\"elementor-heading-title elementor-size-small\"><a href=\"https:\/\/www.averwee.be\/site\/wp-content\/uploads\/2024\/02\/Grille-horaire-5ieme-General.pdf\"><a class=\"tatsu-shortcode smallbtn tatsu-button left-icon circular   bg-animation-none  \" href=\"https:\/\/www.averwee.be\/site\/wp-content\/uploads\/2024\/02\/Grille-horaire-5ieme-General.pdf\" aria-label=\"Premier degr\u00e9\" data-gdpr-atts=\"{}\" target=\"_blank\"><i class=\"tatsu-icon fa fa-download\"><\/i>5e ann\u00e9e<\/a><\/a><\/span>\t\t\t\t<\/div>\n\t\t\t\t<\/div>\n\t\t\t\t<div class=\"elementor-element elementor-element-939a449 elementor-widget__width-initial sc_fly_static elementor-widget elementor-widget-heading\" data-id=\"939a449\" data-element_type=\"widget\" data-widget_type=\"heading.default\">\n\t\t\t\t<div class=\"elementor-widget-container\">\n\t\t\t\t\t<span class=\"elementor-heading-title elementor-size-small\"><a href=\"https:\/\/www.averwee.be\/site\/wp-content\/uploads\/2024\/02\/6G-1-2.pdf\"><a class=\"tatsu-shortcode smallbtn tatsu-button left-icon circular   bg-animation-none  \" href=\"https:\/\/www.averwee.be\/site\/wp-content\/uploads\/2024\/02\/6G-1-2.pdf\" aria-label=\"Premier degr\u00e9\" data-gdpr-atts=\"{}\" target=\"_blank\"><i class=\"tatsu-icon fa fa-download\"><\/i>6e ann\u00e9e<\/a><\/a><\/span>\t\t\t\t<\/div>\n\t\t\t\t<\/div>\n\t\t\t\t\t<\/div>\n\t\t<\/div>\n\t\t\t\t\t<\/div>\n\t\t<\/section>\n\t\t\t\t<section class=\"elementor-section elementor-top-section elementor-element elementor-element-18a0cde elementor-section-boxed elementor-section-height-default elementor-section-height-default\" data-id=\"18a0cde\" data-element_type=\"section\">\n\t\t\t\t\t\t<div class=\"elementor-container elementor-column-gap-extended\">\n\t\t\t\t\t<div class=\"elementor-column elementor-col-33 elementor-top-column elementor-element elementor-element-bde3a21 sc_layouts_column_icons_position_left\" data-id=\"bde3a21\" data-element_type=\"column\">\n\t\t\t<div class=\"elementor-widget-wrap elementor-element-populated\">\n\t\t\t\t\t\t<div class=\"elementor-element elementor-element-031ff88 elementor-widget__width-initial sc_fly_static elementor-widget elementor-widget-heading\" data-id=\"031ff88\" data-element_type=\"widget\" data-widget_type=\"heading.default\">\n\t\t\t\t<div class=\"elementor-widget-container\">\n\t\t\t\t\t<span class=\"elementor-heading-title elementor-size-small\"><a href=\"https:\/\/www.averwee.be\/site\/wp-content\/uploads\/2024\/02\/Grille-2S-2023-2024-1-3.pdf\"><a class=\"tatsu-shortcode smallbtn tatsu-button left-icon circular   bg-animation-none  \" href=\"https:\/\/www.averwee.be\/site\/wp-content\/uploads\/2024\/02\/Grille-2S-2023-2024-1-3.pdf\" aria-label=\"Premier degr\u00e9\" data-gdpr-atts=\"{}\" target=\"_blank\"><i class=\"tatsu-icon fa fa-download\"><\/i> 2e Suppl\u00e9mentaire<\/a><\/a><\/span>\t\t\t\t<\/div>\n\t\t\t\t<\/div>\n\t\t\t\t\t<\/div>\n\t\t<\/div>\n\t\t\t\t<div class=\"elementor-column elementor-col-33 elementor-top-column elementor-element elementor-element-1f45d32 sc_layouts_column_icons_position_left\" data-id=\"1f45d32\" data-element_type=\"column\">\n\t\t\t<div class=\"elementor-widget-wrap\">\n\t\t\t\t\t\t\t<\/div>\n\t\t<\/div>\n\t\t\t\t<div class=\"elementor-column elementor-col-33 elementor-top-column elementor-element elementor-element-200095a sc_layouts_column_icons_position_left\" data-id=\"200095a\" data-element_type=\"column\">\n\t\t\t<div class=\"elementor-widget-wrap\">\n\t\t\t\t\t\t\t<\/div>\n\t\t<\/div>\n\t\t\t\t\t<\/div>\n\t\t<\/section>\n\t\t\t\t<section class=\"elementor-section elementor-top-section elementor-element elementor-element-020de7f elementor-section-boxed elementor-section-height-default elementor-section-height-default\" data-id=\"020de7f\" data-element_type=\"section\">\n\t\t\t\t\t\t<div class=\"elementor-container elementor-column-gap-extended\">\n\t\t\t\t\t<div class=\"elementor-column elementor-col-33 elementor-top-column elementor-element elementor-element-dab6f5b sc_layouts_column_icons_position_left\" data-id=\"dab6f5b\" data-element_type=\"column\">\n\t\t\t<div class=\"elementor-widget-wrap elementor-element-populated\">\n\t\t\t\t\t\t<div class=\"elementor-element elementor-element-4c92c7b sc_fly_static elementor-widget elementor-widget-text-editor\" data-id=\"4c92c7b\" data-element_type=\"widget\" data-widget_type=\"text-editor.default\">\n\t\t\t\t<div class=\"elementor-widget-container\">\n\t\t\t\t\t\t\t\t\t<ul><li>le 1<sup>er<\/sup>\u00a0degr\u00e9, dit\u00a0<strong>degr\u00e9 d\u2019observation\u00a0<\/strong>: premi\u00e8re et deuxi\u00e8me ann\u00e9es (normalement pour les \u00e9l\u00e8ves de 12 \u00e0 14 ans, avec un max. de 3 ans pass\u00e9s dans ce premier degr\u00e9)\u00a0;<\/li><\/ul>\t\t\t\t\t\t\t\t<\/div>\n\t\t\t\t<\/div>\n\t\t\t\t\t<\/div>\n\t\t<\/div>\n\t\t\t\t<div class=\"elementor-column elementor-col-33 elementor-top-column elementor-element elementor-element-3ed5e59 sc_layouts_column_icons_position_left\" data-id=\"3ed5e59\" data-element_type=\"column\">\n\t\t\t<div class=\"elementor-widget-wrap elementor-element-populated\">\n\t\t\t\t\t\t<div class=\"elementor-element elementor-element-aaeb332 sc_fly_static elementor-widget elementor-widget-text-editor\" data-id=\"aaeb332\" data-element_type=\"widget\" data-widget_type=\"text-editor.default\">\n\t\t\t\t<div class=\"elementor-widget-container\">\n\t\t\t\t\t\t\t\t\t<ul><li>le 2<sup>e\u00a0<\/sup>degr\u00e9, dit\u00a0<strong>degr\u00e9 d\u2019orientation\u00a0<\/strong>: troisi\u00e8me et quatri\u00e8me ann\u00e9es (normalement pour les \u00e9l\u00e8ves de 14 \u00e0 16 ans)\u00a0;<\/li><\/ul>\t\t\t\t\t\t\t\t<\/div>\n\t\t\t\t<\/div>\n\t\t\t\t\t<\/div>\n\t\t<\/div>\n\t\t\t\t<div class=\"elementor-column elementor-col-33 elementor-top-column elementor-element elementor-element-0f0f888 sc_layouts_column_icons_position_left\" data-id=\"0f0f888\" data-element_type=\"column\">\n\t\t\t<div class=\"elementor-widget-wrap elementor-element-populated\">\n\t\t\t\t\t\t<div class=\"elementor-element elementor-element-8f2c409 sc_fly_static elementor-widget elementor-widget-text-editor\" data-id=\"8f2c409\" data-element_type=\"widget\" data-widget_type=\"text-editor.default\">\n\t\t\t\t<div class=\"elementor-widget-container\">\n\t\t\t\t\t\t\t\t\t<ul><li>le 3<sup>e\u00a0<\/sup>degr\u00e9, dit\u00a0<strong>degr\u00e9 de d\u00e9termination\u00a0<\/strong>: cinqui\u00e8me et sixi\u00e8me ann\u00e9es (normalement pour les \u00e9l\u00e8ves de 16 \u00e0 18 ans).<\/li><\/ul>\t\t\t\t\t\t\t\t<\/div>\n\t\t\t\t<\/div>\n\t\t\t\t\t<\/div>\n\t\t<\/div>\n\t\t\t\t\t<\/div>\n\t\t<\/section>\n\t\t\t\t<section class=\"elementor-section elementor-top-section elementor-element elementor-element-6ee85cc elementor-section-boxed elementor-section-height-default elementor-section-height-default\" data-id=\"6ee85cc\" data-element_type=\"section\">\n\t\t\t\t\t\t<div class=\"elementor-container elementor-column-gap-extended\">\n\t\t\t\t\t<div class=\"elementor-column elementor-col-16 elementor-top-column elementor-element elementor-element-9b3403a sc_layouts_column_icons_position_left\" data-id=\"9b3403a\" data-element_type=\"column\">\n\t\t\t<div class=\"elementor-widget-wrap\">\n\t\t\t\t\t\t\t<\/div>\n\t\t<\/div>\n\t\t\t\t<div class=\"elementor-column elementor-col-16 elementor-top-column elementor-element elementor-element-f9d2bc9 sc_layouts_column_icons_position_left\" data-id=\"f9d2bc9\" data-element_type=\"column\">\n\t\t\t<div class=\"elementor-widget-wrap\">\n\t\t\t\t\t\t\t<\/div>\n\t\t<\/div>\n\t\t\t\t<div class=\"elementor-column elementor-col-16 elementor-top-column elementor-element elementor-element-dc71159 sc_layouts_column_icons_position_left\" data-id=\"dc71159\" data-element_type=\"column\">\n\t\t\t<div class=\"elementor-widget-wrap\">\n\t\t\t\t\t\t\t<\/div>\n\t\t<\/div>\n\t\t\t\t<div class=\"elementor-column elementor-col-16 elementor-top-column elementor-element elementor-element-2f7cd80 sc_layouts_column_icons_position_left\" data-id=\"2f7cd80\" data-element_type=\"column\">\n\t\t\t<div class=\"elementor-widget-wrap\">\n\t\t\t\t\t\t\t<\/div>\n\t\t<\/div>\n\t\t\t\t<div class=\"elementor-column elementor-col-16 elementor-top-column elementor-element elementor-element-5840aca sc_layouts_column_icons_position_left\" data-id=\"5840aca\" data-element_type=\"column\">\n\t\t\t<div class=\"elementor-widget-wrap\">\n\t\t\t\t\t\t\t<\/div>\n\t\t<\/div>\n\t\t\t\t<div class=\"elementor-column elementor-col-16 elementor-top-column elementor-element elementor-element-72bfe30 sc_layouts_column_icons_position_left\" data-id=\"72bfe30\" data-element_type=\"column\">\n\t\t\t<div class=\"elementor-widget-wrap elementor-element-populated\">\n\t\t\t\t\t\t\t<\/div>\n\t\t<\/div>\n\t\t\t\t\t<\/div>\n\t\t<\/section>\n\t\t\t\t<section class=\"elementor-section elementor-top-section elementor-element elementor-element-6b1eda3 elementor-section-boxed elementor-section-height-default elementor-section-height-default\" data-id=\"6b1eda3\" data-element_type=\"section\">\n\t\t\t\t\t\t<div class=\"elementor-container elementor-column-gap-extended\">\n\t\t\t\t\t<div class=\"elementor-column elementor-col-100 elementor-top-column elementor-element elementor-element-7062e3d sc_layouts_column_icons_position_left\" data-id=\"7062e3d\" data-element_type=\"column\">\n\t\t\t<div class=\"elementor-widget-wrap elementor-element-populated\">\n\t\t\t\t\t\t<div class=\"elementor-element elementor-element-0dd81ea sc_fly_static elementor-widget elementor-widget-image\" data-id=\"0dd81ea\" data-element_type=\"widget\" data-widget_type=\"image.default\">\n\t\t\t\t<div class=\"elementor-widget-container\">\n\t\t\t\t\t\t\t\t\t\t\t\t\t\t\t<img fetchpriority=\"high\" decoding=\"async\" width=\"275\" height=\"183\" src=\"https:\/\/www.averwee.be\/site\/wp-content\/uploads\/2024\/01\/verwee2.jpeg\" class=\"attachment-large size-large wp-image-10481\" alt=\"\" \/>\t\t\t\t\t\t\t\t\t\t\t\t\t\t\t<\/div>\n\t\t\t\t<\/div>\n\t\t\t\t\t<\/div>\n\t\t<\/div>\n\t\t\t\t\t<\/div>\n\t\t<\/section>\n\t\t\t\t<section class=\"elementor-section elementor-top-section elementor-element elementor-element-94c3ebb elementor-section-boxed elementor-section-height-default elementor-section-height-default\" data-id=\"94c3ebb\" data-element_type=\"section\">\n\t\t\t\t\t\t<div class=\"elementor-container elementor-column-gap-extended\">\n\t\t\t\t\t<div class=\"elementor-column elementor-col-100 elementor-top-column elementor-element elementor-element-ac264f1 sc_layouts_column_icons_position_left\" data-id=\"ac264f1\" data-element_type=\"column\">\n\t\t\t<div class=\"elementor-widget-wrap elementor-element-populated\">\n\t\t\t\t\t\t<div class=\"elementor-element elementor-element-3b9dac3 sc_fly_static elementor-widget elementor-widget-spacer\" data-id=\"3b9dac3\" data-element_type=\"widget\" data-widget_type=\"spacer.default\">\n\t\t\t\t<div class=\"elementor-widget-container\">\n\t\t\t\t\t\t\t<div class=\"elementor-spacer\">\n\t\t\t<div class=\"elementor-spacer-inner\"><\/div>\n\t\t<\/div>\n\t\t\t\t\t\t<\/div>\n\t\t\t\t<\/div>\n\t\t\t\t\t<\/div>\n\t\t<\/div>\n\t\t\t\t\t<\/div>\n\t\t<\/section>\n\t\t\t\t<section class=\"elementor-section elementor-top-section elementor-element elementor-element-3c95faf elementor-section-boxed elementor-section-height-default elementor-section-height-default\" data-id=\"3c95faf\" data-element_type=\"section\">\n\t\t\t\t\t\t<div class=\"elementor-container elementor-column-gap-extended\">\n\t\t\t\t\t<div class=\"elementor-column elementor-col-100 elementor-top-column elementor-element elementor-element-745daaf sc_layouts_column_icons_position_left\" data-id=\"745daaf\" data-element_type=\"column\">\n\t\t\t<div class=\"elementor-widget-wrap elementor-element-populated\">\n\t\t\t\t\t\t<div class=\"elementor-element elementor-element-20fdea9 sc_fly_static elementor-widget elementor-widget-spacer\" data-id=\"20fdea9\" data-element_type=\"widget\" data-widget_type=\"spacer.default\">\n\t\t\t\t<div class=\"elementor-widget-container\">\n\t\t\t\t\t\t\t<div class=\"elementor-spacer\">\n\t\t\t<div class=\"elementor-spacer-inner\"><\/div>\n\t\t<\/div>\n\t\t\t\t\t\t<\/div>\n\t\t\t\t<\/div>\n\t\t\t\t\t<\/div>\n\t\t<\/div>\n\t\t\t\t\t<\/div>\n\t\t<\/section>\n\t\t\t\t<\/div>\n\t\t","protected":false},"excerpt":{"rendered":"<p>Enseignement G\u00e9n\u00e9ral Grilles des cours Enseignement G\u00e9n\u00e9ral 1e ann\u00e9e 2e ann\u00e9e 3e ann\u00e9e 4e ann\u00e9e 5e ann\u00e9e 6e ann\u00e9e 2e&hellip;<\/p>\n","protected":false},"author":1,"featured_media":0,"parent":0,"menu_order":0,"comment_status":"closed","ping_status":"closed","template":"","meta":{"_EventAllDay":false,"_EventTimezone":"","_EventStartDate":"","_EventEndDate":"","_EventStartDateUTC":"","_EventEndDateUTC":"","_EventShowMap":false,"_EventShowMapLink":false,"_EventURL":"","_EventCost":"","_EventCostDescription":"","_EventCurrencySymbol":"","_EventCurrencyCode":"","_EventCurrencyPosition":"","_EventDateTimeSeparator":"","_EventTimeRangeSeparator":"","_EventOrganizerID":[],"_EventVenueID":[],"_OrganizerEmail":"","_OrganizerPhone":"","_OrganizerWebsite":"","_VenueAddress":"","_VenueCity":"","_VenueCountry":"","_VenueProvince":"","_VenueState":"","_VenueZip":"","_VenuePhone":"","_VenueURL":"","_VenueStateProvince":"","_VenueLat":"","_VenueLng":"","_VenueShowMap":false,"_VenueShowMapLink":false,"footnotes":""},"class_list":["post-11329","page","type-page","status-publish","hentry"],"_links":{"self":[{"href":"https:\/\/www.averwee.be\/site\/wp-json\/wp\/v2\/pages\/11329","targetHints":{"allow":["GET"]}}],"collection":[{"href":"https:\/\/www.averwee.be\/site\/wp-json\/wp\/v2\/pages"}],"about":[{"href":"https:\/\/www.averwee.be\/site\/wp-json\/wp\/v2\/types\/page"}],"author":[{"embeddable":true,"href":"https:\/\/www.averwee.be\/site\/wp-json\/wp\/v2\/users\/1"}],"replies":[{"embeddable":true,"href":"https:\/\/www.averwee.be\/site\/wp-json\/wp\/v2\/comments?post=11329"}],"version-history":[{"count":51,"href":"https:\/\/www.averwee.be\/site\/wp-json\/wp\/v2\/pages\/11329\/revisions"}],"predecessor-version":[{"id":12061,"href":"https:\/\/www.averwee.be\/site\/wp-json\/wp\/v2\/pages\/11329\/revisions\/12061"}],"wp:attachment":[{"href":"https:\/\/www.averwee.be\/site\/wp-json\/wp\/v2\/media?parent=11329"}],"curies":[{"name":"wp","href":"https:\/\/api.w.org\/{rel}","templated":true}]}}