{"id":12604,"date":"2024-10-03T08:29:43","date_gmt":"2024-10-03T08:29:43","guid":{"rendered":"https:\/\/www.averwee.be\/site\/?page_id=12604"},"modified":"2024-11-22T14:04:41","modified_gmt":"2024-11-22T14:04:41","slug":"activites-1","status":"publish","type":"page","link":"https:\/\/www.averwee.be\/site\/activites-1\/","title":{"rendered":"Activit\u00e9s p\u00e9dagogiques"},"content":{"rendered":"\t\t<div data-elementor-type=\"wp-post\" data-elementor-id=\"12604\" class=\"elementor elementor-12604\">\n\t\t\t\t\t\t<section class=\"elementor-section elementor-top-section elementor-element elementor-element-469dfc4 elementor-section-boxed elementor-section-height-default elementor-section-height-default\" data-id=\"469dfc4\" data-element_type=\"section\">\n\t\t\t\t\t\t<div class=\"elementor-container elementor-column-gap-extended\">\n\t\t\t\t\t<div class=\"elementor-column elementor-col-100 elementor-top-column elementor-element elementor-element-61afa5b sc_layouts_column_icons_position_left\" data-id=\"61afa5b\" data-element_type=\"column\">\n\t\t\t<div class=\"elementor-widget-wrap\">\n\t\t\t\t\t\t\t<\/div>\n\t\t<\/div>\n\t\t\t\t\t<\/div>\n\t\t<\/section>\n\t\t\t\t<section class=\"elementor-section elementor-top-section elementor-element elementor-element-dffc273 elementor-section-boxed elementor-section-height-default elementor-section-height-default\" data-id=\"dffc273\" data-element_type=\"section\">\n\t\t\t\t\t\t<div class=\"elementor-container elementor-column-gap-extended\">\n\t\t\t\t\t<div class=\"elementor-column elementor-col-100 elementor-top-column elementor-element elementor-element-ec4f81e sc_layouts_column_icons_position_left\" data-id=\"ec4f81e\" data-element_type=\"column\">\n\t\t\t<div class=\"elementor-widget-wrap elementor-element-populated\">\n\t\t\t\t\t\t<div class=\"elementor-element elementor-element-96988d1 sc_fly_static elementor-widget elementor-widget-heading\" data-id=\"96988d1\" data-element_type=\"widget\" data-widget_type=\"heading.default\">\n\t\t\t\t<div class=\"elementor-widget-container\">\n\t\t\t\t\t<h1 class=\"elementor-heading-title elementor-size-large\"><a href=\"https:\/\/salons.siep.be\/visiteurs\/bruxelles\/decouvrir-le-salon\">Salon Siep: \nStand de notre Ath\u00e9n\u00e9e pour l'ann\u00e9e 2024\/2025<\/a><\/h1>\t\t\t\t<\/div>\n\t\t\t\t<\/div>\n\t\t\t\t\t<\/div>\n\t\t<\/div>\n\t\t\t\t\t<\/div>\n\t\t<\/section>\n\t\t\t\t<section class=\"elementor-section elementor-top-section elementor-element elementor-element-b52007a elementor-section-boxed elementor-section-height-default elementor-section-height-default\" data-id=\"b52007a\" data-element_type=\"section\">\n\t\t\t\t\t\t<div class=\"elementor-container elementor-column-gap-extended\">\n\t\t\t\t\t<div class=\"elementor-column elementor-col-25 elementor-top-column elementor-element elementor-element-18fc307 sc_layouts_column_icons_position_left\" data-id=\"18fc307\" data-element_type=\"column\">\n\t\t\t<div class=\"elementor-widget-wrap elementor-element-populated\">\n\t\t\t\t\t\t<div class=\"elementor-element elementor-element-0970f1d sc_fly_static elementor-widget elementor-widget-image\" data-id=\"0970f1d\" data-element_type=\"widget\" data-widget_type=\"image.default\">\n\t\t\t\t<div class=\"elementor-widget-container\">\n\t\t\t\t\t\t\t\t\t\t\t\t\t\t\t<img fetchpriority=\"high\" decoding=\"async\" width=\"300\" height=\"300\" src=\"https:\/\/www.averwee.be\/site\/wp-content\/uploads\/2024\/11\/20241122_101259-300x300.jpg\" class=\"attachment-thumblist size-thumblist wp-image-12699\" alt=\"\" srcset=\"https:\/\/www.averwee.be\/site\/wp-content\/uploads\/2024\/11\/20241122_101259-300x300.jpg 300w, https:\/\/www.averwee.be\/site\/wp-content\/uploads\/2024\/11\/20241122_101259-150x150.jpg 150w, https:\/\/www.averwee.be\/site\/wp-content\/uploads\/2024\/11\/20241122_101259-500x500.jpg 500w, https:\/\/www.averwee.be\/site\/wp-content\/uploads\/2024\/11\/20241122_101259-75x75.jpg 75w, https:\/\/www.averwee.be\/site\/wp-content\/uploads\/2024\/11\/20241122_101259-90x90.jpg 90w, https:\/\/www.averwee.be\/site\/wp-content\/uploads\/2024\/11\/20241122_101259-112x112.jpg 112w, https:\/\/www.averwee.be\/site\/wp-content\/uploads\/2024\/11\/20241122_101259-148x148.jpg 148w, https:\/\/www.averwee.be\/site\/wp-content\/uploads\/2024\/11\/20241122_101259-370x370.jpg 370w\" sizes=\"(max-width: 300px) 100vw, 300px\" \/>\t\t\t\t\t\t\t\t\t\t\t\t\t\t\t<\/div>\n\t\t\t\t<\/div>\n\t\t\t\t\t<\/div>\n\t\t<\/div>\n\t\t\t\t<div class=\"elementor-column elementor-col-25 elementor-top-column elementor-element elementor-element-3febf53 sc_layouts_column_icons_position_left\" data-id=\"3febf53\" data-element_type=\"column\">\n\t\t\t<div class=\"elementor-widget-wrap elementor-element-populated\">\n\t\t\t\t\t\t<div class=\"elementor-element elementor-element-7b3e0a2 sc_fly_static elementor-widget elementor-widget-image\" data-id=\"7b3e0a2\" data-element_type=\"widget\" data-widget_type=\"image.default\">\n\t\t\t\t<div class=\"elementor-widget-container\">\n\t\t\t\t\t\t\t\t\t\t\t\t\t\t\t<img decoding=\"async\" width=\"300\" height=\"300\" src=\"https:\/\/www.averwee.be\/site\/wp-content\/uploads\/2024\/11\/20241122_101432-300x300.jpg\" class=\"attachment-thumblist size-thumblist wp-image-12701\" alt=\"\" srcset=\"https:\/\/www.averwee.be\/site\/wp-content\/uploads\/2024\/11\/20241122_101432-300x300.jpg 300w, https:\/\/www.averwee.be\/site\/wp-content\/uploads\/2024\/11\/20241122_101432-150x150.jpg 150w, https:\/\/www.averwee.be\/site\/wp-content\/uploads\/2024\/11\/20241122_101432-500x500.jpg 500w, https:\/\/www.averwee.be\/site\/wp-content\/uploads\/2024\/11\/20241122_101432-75x75.jpg 75w, https:\/\/www.averwee.be\/site\/wp-content\/uploads\/2024\/11\/20241122_101432-90x90.jpg 90w, https:\/\/www.averwee.be\/site\/wp-content\/uploads\/2024\/11\/20241122_101432-112x112.jpg 112w, https:\/\/www.averwee.be\/site\/wp-content\/uploads\/2024\/11\/20241122_101432-148x148.jpg 148w, https:\/\/www.averwee.be\/site\/wp-content\/uploads\/2024\/11\/20241122_101432-370x370.jpg 370w\" sizes=\"(max-width: 300px) 100vw, 300px\" \/>\t\t\t\t\t\t\t\t\t\t\t\t\t\t\t<\/div>\n\t\t\t\t<\/div>\n\t\t\t\t\t<\/div>\n\t\t<\/div>\n\t\t\t\t<div class=\"elementor-column elementor-col-25 elementor-top-column elementor-element elementor-element-a2b8b7a sc_layouts_column_icons_position_left\" data-id=\"a2b8b7a\" data-element_type=\"column\">\n\t\t\t<div class=\"elementor-widget-wrap elementor-element-populated\">\n\t\t\t\t\t\t<div class=\"elementor-element elementor-element-25817de sc_fly_static elementor-widget elementor-widget-image\" data-id=\"25817de\" data-element_type=\"widget\" data-widget_type=\"image.default\">\n\t\t\t\t<div class=\"elementor-widget-container\">\n\t\t\t\t\t\t\t\t\t\t\t\t\t\t\t<img decoding=\"async\" width=\"300\" height=\"300\" src=\"https:\/\/www.averwee.be\/site\/wp-content\/uploads\/2024\/11\/20241122_101203-300x300.jpg\" class=\"attachment-thumblist size-thumblist wp-image-12696\" alt=\"\" srcset=\"https:\/\/www.averwee.be\/site\/wp-content\/uploads\/2024\/11\/20241122_101203-300x300.jpg 300w, https:\/\/www.averwee.be\/site\/wp-content\/uploads\/2024\/11\/20241122_101203-150x150.jpg 150w, https:\/\/www.averwee.be\/site\/wp-content\/uploads\/2024\/11\/20241122_101203-500x500.jpg 500w, https:\/\/www.averwee.be\/site\/wp-content\/uploads\/2024\/11\/20241122_101203-75x75.jpg 75w, https:\/\/www.averwee.be\/site\/wp-content\/uploads\/2024\/11\/20241122_101203-90x90.jpg 90w, https:\/\/www.averwee.be\/site\/wp-content\/uploads\/2024\/11\/20241122_101203-112x112.jpg 112w, https:\/\/www.averwee.be\/site\/wp-content\/uploads\/2024\/11\/20241122_101203-148x148.jpg 148w, https:\/\/www.averwee.be\/site\/wp-content\/uploads\/2024\/11\/20241122_101203-370x370.jpg 370w\" sizes=\"(max-width: 300px) 100vw, 300px\" \/>\t\t\t\t\t\t\t\t\t\t\t\t\t\t\t<\/div>\n\t\t\t\t<\/div>\n\t\t\t\t\t<\/div>\n\t\t<\/div>\n\t\t\t\t<div class=\"elementor-column elementor-col-25 elementor-top-column elementor-element elementor-element-d6ffbe6 sc_layouts_column_icons_position_left\" data-id=\"d6ffbe6\" data-element_type=\"column\">\n\t\t\t<div class=\"elementor-widget-wrap elementor-element-populated\">\n\t\t\t\t\t\t<div class=\"elementor-element elementor-element-db861b7 sc_fly_static elementor-widget elementor-widget-image\" data-id=\"db861b7\" data-element_type=\"widget\" data-widget_type=\"image.default\">\n\t\t\t\t<div class=\"elementor-widget-container\">\n\t\t\t\t\t\t\t\t\t\t\t\t\t\t\t<img loading=\"lazy\" decoding=\"async\" width=\"500\" height=\"500\" src=\"https:\/\/www.averwee.be\/site\/wp-content\/uploads\/2024\/11\/20241122_101203-500x500.jpg\" class=\"attachment-thumbrelated size-thumbrelated wp-image-12696\" alt=\"\" srcset=\"https:\/\/www.averwee.be\/site\/wp-content\/uploads\/2024\/11\/20241122_101203-500x500.jpg 500w, https:\/\/www.averwee.be\/site\/wp-content\/uploads\/2024\/11\/20241122_101203-150x150.jpg 150w, https:\/\/www.averwee.be\/site\/wp-content\/uploads\/2024\/11\/20241122_101203-300x300.jpg 300w, https:\/\/www.averwee.be\/site\/wp-content\/uploads\/2024\/11\/20241122_101203-75x75.jpg 75w, https:\/\/www.averwee.be\/site\/wp-content\/uploads\/2024\/11\/20241122_101203-90x90.jpg 90w, https:\/\/www.averwee.be\/site\/wp-content\/uploads\/2024\/11\/20241122_101203-112x112.jpg 112w, https:\/\/www.averwee.be\/site\/wp-content\/uploads\/2024\/11\/20241122_101203-148x148.jpg 148w, https:\/\/www.averwee.be\/site\/wp-content\/uploads\/2024\/11\/20241122_101203-370x370.jpg 370w\" sizes=\"(max-width: 500px) 100vw, 500px\" \/>\t\t\t\t\t\t\t\t\t\t\t\t\t\t\t<\/div>\n\t\t\t\t<\/div>\n\t\t\t\t\t<\/div>\n\t\t<\/div>\n\t\t\t\t\t<\/div>\n\t\t<\/section>\n\t\t\t\t<section class=\"elementor-section elementor-top-section elementor-element elementor-element-766e6f8 elementor-section-boxed elementor-section-height-default elementor-section-height-default\" data-id=\"766e6f8\" data-element_type=\"section\">\n\t\t\t\t\t\t<div class=\"elementor-container elementor-column-gap-extended\">\n\t\t\t\t\t<div class=\"elementor-column elementor-col-100 elementor-top-column elementor-element elementor-element-6c54d5a sc_layouts_column_icons_position_left\" data-id=\"6c54d5a\" data-element_type=\"column\">\n\t\t\t<div class=\"elementor-widget-wrap\">\n\t\t\t\t\t\t\t<\/div>\n\t\t<\/div>\n\t\t\t\t\t<\/div>\n\t\t<\/section>\n\t\t\t\t<section class=\"elementor-section elementor-top-section elementor-element elementor-element-2ea3d7f elementor-section-boxed elementor-section-height-default elementor-section-height-default\" data-id=\"2ea3d7f\" data-element_type=\"section\">\n\t\t\t\t\t\t<div class=\"elementor-container elementor-column-gap-extended\">\n\t\t\t\t\t<div class=\"elementor-column elementor-col-20 elementor-top-column elementor-element elementor-element-2b701ca sc_layouts_column_icons_position_left\" data-id=\"2b701ca\" data-element_type=\"column\">\n\t\t\t<div class=\"elementor-widget-wrap elementor-element-populated\">\n\t\t\t\t\t\t<div class=\"elementor-element elementor-element-52e4de0 sc_fly_static elementor-widget elementor-widget-image\" data-id=\"52e4de0\" data-element_type=\"widget\" data-widget_type=\"image.default\">\n\t\t\t\t<div class=\"elementor-widget-container\">\n\t\t\t\t\t\t\t\t\t\t\t\t\t\t\t<img loading=\"lazy\" decoding=\"async\" width=\"275\" height=\"183\" src=\"https:\/\/www.averwee.be\/site\/wp-content\/uploads\/2024\/02\/confec3-1.jpeg\" class=\"attachment-large size-large wp-image-12019\" alt=\"\" \/>\t\t\t\t\t\t\t\t\t\t\t\t\t\t\t<\/div>\n\t\t\t\t<\/div>\n\t\t\t\t<div class=\"elementor-element elementor-element-3fed6af sc_fly_static elementor-widget elementor-widget-image\" data-id=\"3fed6af\" data-element_type=\"widget\" data-widget_type=\"image.default\">\n\t\t\t\t<div class=\"elementor-widget-container\">\n\t\t\t\t\t\t\t\t\t\t\t\t\t\t\t<img loading=\"lazy\" decoding=\"async\" width=\"403\" height=\"125\" src=\"https:\/\/www.averwee.be\/site\/wp-content\/uploads\/2024\/02\/AQ-confection.jpeg\" class=\"attachment-large size-large wp-image-12018\" alt=\"\" srcset=\"https:\/\/www.averwee.be\/site\/wp-content\/uploads\/2024\/02\/AQ-confection.jpeg 403w, https:\/\/www.averwee.be\/site\/wp-content\/uploads\/2024\/02\/AQ-confection-300x93.jpeg 300w, https:\/\/www.averwee.be\/site\/wp-content\/uploads\/2024\/02\/AQ-confection-370x115.jpeg 370w\" sizes=\"(max-width: 403px) 100vw, 403px\" \/>\t\t\t\t\t\t\t\t\t\t\t\t\t\t\t<\/div>\n\t\t\t\t<\/div>\n\t\t\t\t\t<\/div>\n\t\t<\/div>\n\t\t\t\t<div class=\"elementor-column elementor-col-20 elementor-top-column elementor-element elementor-element-444e51b sc_layouts_column_icons_position_left\" data-id=\"444e51b\" data-element_type=\"column\">\n\t\t\t<div class=\"elementor-widget-wrap elementor-element-populated\">\n\t\t\t\t\t\t<div class=\"elementor-element elementor-element-6c96bdb sc_fly_static elementor-widget elementor-widget-image\" data-id=\"6c96bdb\" data-element_type=\"widget\" data-widget_type=\"image.default\">\n\t\t\t\t<div class=\"elementor-widget-container\">\n\t\t\t\t\t\t\t\t\t\t\t\t\t\t\t<img loading=\"lazy\" decoding=\"async\" width=\"300\" height=\"300\" src=\"https:\/\/www.averwee.be\/site\/wp-content\/uploads\/2024\/02\/technicien-ne-en-industrie-graphique-586f68ee1926c-1-300x300.jpeg\" class=\"attachment-thumblist size-thumblist wp-image-11470\" alt=\"\" srcset=\"https:\/\/www.averwee.be\/site\/wp-content\/uploads\/2024\/02\/technicien-ne-en-industrie-graphique-586f68ee1926c-1-300x300.jpeg 300w, https:\/\/www.averwee.be\/site\/wp-content\/uploads\/2024\/02\/technicien-ne-en-industrie-graphique-586f68ee1926c-1-150x150.jpeg 150w, https:\/\/www.averwee.be\/site\/wp-content\/uploads\/2024\/02\/technicien-ne-en-industrie-graphique-586f68ee1926c-1-75x75.jpeg 75w, https:\/\/www.averwee.be\/site\/wp-content\/uploads\/2024\/02\/technicien-ne-en-industrie-graphique-586f68ee1926c-1-90x90.jpeg 90w, https:\/\/www.averwee.be\/site\/wp-content\/uploads\/2024\/02\/technicien-ne-en-industrie-graphique-586f68ee1926c-1-112x112.jpeg 112w, https:\/\/www.averwee.be\/site\/wp-content\/uploads\/2024\/02\/technicien-ne-en-industrie-graphique-586f68ee1926c-1-148x148.jpeg 148w, https:\/\/www.averwee.be\/site\/wp-content\/uploads\/2024\/02\/technicien-ne-en-industrie-graphique-586f68ee1926c-1.jpeg 350w\" sizes=\"(max-width: 300px) 100vw, 300px\" \/>\t\t\t\t\t\t\t\t\t\t\t\t\t\t\t<\/div>\n\t\t\t\t<\/div>\n\t\t\t\t\t<\/div>\n\t\t<\/div>\n\t\t\t\t<div class=\"elementor-column elementor-col-20 elementor-top-column elementor-element elementor-element-4985b43 sc_layouts_column_icons_position_left\" data-id=\"4985b43\" data-element_type=\"column\">\n\t\t\t<div class=\"elementor-widget-wrap elementor-element-populated\">\n\t\t\t\t\t\t<div class=\"elementor-element elementor-element-4d23ba8 sc_fly_static elementor-widget elementor-widget-image\" data-id=\"4d23ba8\" data-element_type=\"widget\" data-widget_type=\"image.default\">\n\t\t\t\t<div class=\"elementor-widget-container\">\n\t\t\t\t\t\t\t\t\t\t\t\t\t\t\t<img loading=\"lazy\" decoding=\"async\" width=\"275\" height=\"183\" src=\"https:\/\/www.averwee.be\/site\/wp-content\/uploads\/2024\/02\/confe2.jpeg\" class=\"attachment-tileview size-tileview wp-image-12016\" alt=\"\" \/>\t\t\t\t\t\t\t\t\t\t\t\t\t\t\t<\/div>\n\t\t\t\t<\/div>\n\t\t\t\t<div class=\"elementor-element elementor-element-bdc8a6e sc_fly_static elementor-widget elementor-widget-image\" data-id=\"bdc8a6e\" data-element_type=\"widget\" data-widget_type=\"image.default\">\n\t\t\t\t<div class=\"elementor-widget-container\">\n\t\t\t\t\t\t\t\t\t\t\t\t\t\t\t<img loading=\"lazy\" decoding=\"async\" width=\"435\" height=\"116\" src=\"https:\/\/www.averwee.be\/site\/wp-content\/uploads\/2024\/02\/confection1-1.jpeg\" class=\"attachment-large size-large wp-image-12021\" alt=\"\" srcset=\"https:\/\/www.averwee.be\/site\/wp-content\/uploads\/2024\/02\/confection1-1.jpeg 435w, https:\/\/www.averwee.be\/site\/wp-content\/uploads\/2024\/02\/confection1-1-300x80.jpeg 300w, https:\/\/www.averwee.be\/site\/wp-content\/uploads\/2024\/02\/confection1-1-370x99.jpeg 370w\" sizes=\"(max-width: 435px) 100vw, 435px\" \/>\t\t\t\t\t\t\t\t\t\t\t\t\t\t\t<\/div>\n\t\t\t\t<\/div>\n\t\t\t\t\t<\/div>\n\t\t<\/div>\n\t\t\t\t<div class=\"elementor-column elementor-col-20 elementor-top-column elementor-element elementor-element-7e45cdc sc_layouts_column_icons_position_left\" data-id=\"7e45cdc\" data-element_type=\"column\">\n\t\t\t<div class=\"elementor-widget-wrap elementor-element-populated\">\n\t\t\t\t\t\t<div class=\"elementor-element elementor-element-ff5fb43 sc_fly_static elementor-widget elementor-widget-image\" data-id=\"ff5fb43\" data-element_type=\"widget\" data-widget_type=\"image.default\">\n\t\t\t\t<div class=\"elementor-widget-container\">\n\t\t\t\t\t\t\t\t\t\t\t\t\t\t\t<img loading=\"lazy\" decoding=\"async\" width=\"880\" height=\"880\" src=\"https:\/\/www.averwee.be\/site\/wp-content\/uploads\/2024\/02\/088_technicien_en_industrie_graphique_-_photo.jpg\" class=\"attachment-large size-large wp-image-11468\" alt=\"\" srcset=\"https:\/\/www.averwee.be\/site\/wp-content\/uploads\/2024\/02\/088_technicien_en_industrie_graphique_-_photo.jpg 880w, https:\/\/www.averwee.be\/site\/wp-content\/uploads\/2024\/02\/088_technicien_en_industrie_graphique_-_photo-300x300.jpg 300w, https:\/\/www.averwee.be\/site\/wp-content\/uploads\/2024\/02\/088_technicien_en_industrie_graphique_-_photo-150x150.jpg 150w, https:\/\/www.averwee.be\/site\/wp-content\/uploads\/2024\/02\/088_technicien_en_industrie_graphique_-_photo-768x768.jpg 768w, https:\/\/www.averwee.be\/site\/wp-content\/uploads\/2024\/02\/088_technicien_en_industrie_graphique_-_photo-500x500.jpg 500w, https:\/\/www.averwee.be\/site\/wp-content\/uploads\/2024\/02\/088_technicien_en_industrie_graphique_-_photo-75x75.jpg 75w, https:\/\/www.averwee.be\/site\/wp-content\/uploads\/2024\/02\/088_technicien_en_industrie_graphique_-_photo-370x370.jpg 370w, https:\/\/www.averwee.be\/site\/wp-content\/uploads\/2024\/02\/088_technicien_en_industrie_graphique_-_photo-90x90.jpg 90w, https:\/\/www.averwee.be\/site\/wp-content\/uploads\/2024\/02\/088_technicien_en_industrie_graphique_-_photo-760x760.jpg 760w, https:\/\/www.averwee.be\/site\/wp-content\/uploads\/2024\/02\/088_technicien_en_industrie_graphique_-_photo-112x112.jpg 112w, https:\/\/www.averwee.be\/site\/wp-content\/uploads\/2024\/02\/088_technicien_en_industrie_graphique_-_photo-148x148.jpg 148w\" sizes=\"(max-width: 880px) 100vw, 880px\" \/>\t\t\t\t\t\t\t\t\t\t\t\t\t\t\t<\/div>\n\t\t\t\t<\/div>\n\t\t\t\t\t<\/div>\n\t\t<\/div>\n\t\t\t\t<div class=\"elementor-column elementor-col-20 elementor-top-column elementor-element elementor-element-5b65583 sc_layouts_column_icons_position_left\" data-id=\"5b65583\" data-element_type=\"column\">\n\t\t\t<div class=\"elementor-widget-wrap elementor-element-populated\">\n\t\t\t\t\t\t<div class=\"elementor-element elementor-element-3a43662 sc_fly_static elementor-widget elementor-widget-image\" data-id=\"3a43662\" data-element_type=\"widget\" data-widget_type=\"image.default\">\n\t\t\t\t<div class=\"elementor-widget-container\">\n\t\t\t\t\t\t\t\t\t\t\t\t\t\t\t<img decoding=\"async\" width=\"300\" height=\"300\" src=\"https:\/\/www.averwee.be\/site\/wp-content\/uploads\/2024\/11\/20241122_101432-300x300.jpg\" class=\"attachment-thumblist size-thumblist wp-image-12701\" alt=\"\" srcset=\"https:\/\/www.averwee.be\/site\/wp-content\/uploads\/2024\/11\/20241122_101432-300x300.jpg 300w, https:\/\/www.averwee.be\/site\/wp-content\/uploads\/2024\/11\/20241122_101432-150x150.jpg 150w, https:\/\/www.averwee.be\/site\/wp-content\/uploads\/2024\/11\/20241122_101432-500x500.jpg 500w, https:\/\/www.averwee.be\/site\/wp-content\/uploads\/2024\/11\/20241122_101432-75x75.jpg 75w, https:\/\/www.averwee.be\/site\/wp-content\/uploads\/2024\/11\/20241122_101432-90x90.jpg 90w, https:\/\/www.averwee.be\/site\/wp-content\/uploads\/2024\/11\/20241122_101432-112x112.jpg 112w, https:\/\/www.averwee.be\/site\/wp-content\/uploads\/2024\/11\/20241122_101432-148x148.jpg 148w, https:\/\/www.averwee.be\/site\/wp-content\/uploads\/2024\/11\/20241122_101432-370x370.jpg 370w\" sizes=\"(max-width: 300px) 100vw, 300px\" \/>\t\t\t\t\t\t\t\t\t\t\t\t\t\t\t<\/div>\n\t\t\t\t<\/div>\n\t\t\t\t\t<\/div>\n\t\t<\/div>\n\t\t\t\t\t<\/div>\n\t\t<\/section>\n\t\t\t\t<\/div>\n\t\t","protected":false},"excerpt":{"rendered":"<p>Salon Siep: Stand de notre Ath\u00e9n\u00e9e pour l&#8217;ann\u00e9e 2024\/2025<\/p>\n","protected":false},"author":1,"featured_media":0,"parent":0,"menu_order":0,"comment_status":"closed","ping_status":"closed","template":"","meta":{"_EventAllDay":false,"_EventTimezone":"","_EventStartDate":"","_EventEndDate":"","_EventStartDateUTC":"","_EventEndDateUTC":"","_EventShowMap":false,"_EventShowMapLink":false,"_EventURL":"","_EventCost":"","_EventCostDescription":"","_EventCurrencySymbol":"","_EventCurrencyCode":"","_EventCurrencyPosition":"","_EventDateTimeSeparator":"","_EventTimeRangeSeparator":"","_EventOrganizerID":[],"_EventVenueID":[],"_OrganizerEmail":"","_OrganizerPhone":"","_OrganizerWebsite":"","_VenueAddress":"","_VenueCity":"","_VenueCountry":"","_VenueProvince":"","_VenueState":"","_VenueZip":"","_VenuePhone":"","_VenueURL":"","_VenueStateProvince":"","_VenueLat":"","_VenueLng":"","_VenueShowMap":false,"_VenueShowMapLink":false,"footnotes":""},"class_list":["post-12604","page","type-page","status-publish","hentry"],"_links":{"self":[{"href":"https:\/\/www.averwee.be\/site\/wp-json\/wp\/v2\/pages\/12604","targetHints":{"allow":["GET"]}}],"collection":[{"href":"https:\/\/www.averwee.be\/site\/wp-json\/wp\/v2\/pages"}],"about":[{"href":"https:\/\/www.averwee.be\/site\/wp-json\/wp\/v2\/types\/page"}],"author":[{"embeddable":true,"href":"https:\/\/www.averwee.be\/site\/wp-json\/wp\/v2\/users\/1"}],"replies":[{"embeddable":true,"href":"https:\/\/www.averwee.be\/site\/wp-json\/wp\/v2\/comments?post=12604"}],"version-history":[{"count":31,"href":"https:\/\/www.averwee.be\/site\/wp-json\/wp\/v2\/pages\/12604\/revisions"}],"predecessor-version":[{"id":12722,"href":"https:\/\/www.averwee.be\/site\/wp-json\/wp\/v2\/pages\/12604\/revisions\/12722"}],"wp:attachment":[{"href":"https:\/\/www.averwee.be\/site\/wp-json\/wp\/v2\/media?parent=12604"}],"curies":[{"name":"wp","href":"https:\/\/api.w.org\/{rel}","templated":true}]}}