{"id":3388,"date":"2023-12-04T07:31:08","date_gmt":"2023-12-04T07:31:08","guid":{"rendered":"https:\/\/www.averwee.be\/site\/?page_id=3388"},"modified":"2024-10-03T07:54:03","modified_gmt":"2024-10-03T07:54:03","slug":"restauration","status":"publish","type":"page","link":"https:\/\/www.averwee.be\/site\/restauration\/","title":{"rendered":"Restauration"},"content":{"rendered":"\t\t<div data-elementor-type=\"wp-post\" data-elementor-id=\"3388\" class=\"elementor elementor-3388\">\n\t\t\t\t\t\t<section class=\"elementor-section elementor-top-section elementor-element elementor-element-e1fcaf9 elementor-section-content-middle elementor-section-boxed elementor-section-height-default elementor-section-height-default\" data-id=\"e1fcaf9\" data-element_type=\"section\" data-settings=\"{&quot;background_background&quot;:&quot;classic&quot;}\">\n\t\t\t\t\t\t<div class=\"elementor-container elementor-column-gap-extended\">\n\t\t\t\t\t<div class=\"elementor-column elementor-col-33 elementor-top-column elementor-element elementor-element-cbe99b7 sc_layouts_column_icons_position_left\" data-id=\"cbe99b7\" data-element_type=\"column\">\n\t\t\t<div class=\"elementor-widget-wrap elementor-element-populated\">\n\t\t\t\t\t\t<div class=\"elementor-element elementor-element-75e9480 border sc_fly_static elementor-widget elementor-widget-heading\" data-id=\"75e9480\" data-element_type=\"widget\" data-widget_type=\"heading.default\">\n\t\t\t\t<div class=\"elementor-widget-container\">\n\t\t\t\t\t<h2 class=\"elementor-heading-title elementor-size-large\">Le restaurant scolaire<\/h2>\t\t\t\t<\/div>\n\t\t\t\t<\/div>\n\t\t\t\t\t<\/div>\n\t\t<\/div>\n\t\t\t\t<div class=\"elementor-column elementor-col-33 elementor-top-column elementor-element elementor-element-be80539 sc_layouts_column_icons_position_left\" data-id=\"be80539\" data-element_type=\"column\">\n\t\t\t<div class=\"elementor-widget-wrap\">\n\t\t\t\t\t\t\t<\/div>\n\t\t<\/div>\n\t\t\t\t<div class=\"elementor-column elementor-col-33 elementor-top-column elementor-element elementor-element-4fb2664 sc_layouts_column_icons_position_left\" data-id=\"4fb2664\" data-element_type=\"column\">\n\t\t\t<div class=\"elementor-widget-wrap\">\n\t\t\t\t\t\t\t<\/div>\n\t\t<\/div>\n\t\t\t\t\t<\/div>\n\t\t<\/section>\n\t\t\t\t<section class=\"elementor-section elementor-top-section elementor-element elementor-element-3f727930 elementor-section-boxed elementor-section-height-default elementor-section-height-default\" data-id=\"3f727930\" data-element_type=\"section\" data-settings=\"{&quot;background_background&quot;:&quot;classic&quot;}\">\n\t\t\t\t\t\t<div class=\"elementor-container elementor-column-gap-extended\">\n\t\t\t\t\t<div class=\"elementor-column elementor-col-50 elementor-top-column elementor-element elementor-element-5f5491b8 sc_layouts_column_icons_position_left\" data-id=\"5f5491b8\" data-element_type=\"column\">\n\t\t\t<div class=\"elementor-widget-wrap elementor-element-populated\">\n\t\t\t\t\t\t<div class=\"elementor-element elementor-element-4cc86a5e sc_fly_static elementor-widget elementor-widget-text-editor\" data-id=\"4cc86a5e\" data-element_type=\"widget\" data-widget_type=\"text-editor.default\">\n\t\t\t\t<div class=\"elementor-widget-container\">\n\t\t\t\t\t\t\t\t\t<h6><u><span style=\"font-weight: 400;\">Notre Ath\u00e9n\u00e9e est plus que jamais concern\u00e9 par la nutrition saine et \u00e9quilibr\u00e9e de vos enfants en croissance et a la volont\u00e9 d&#8217;en appliquer les principes.<\/span><\/u><\/h6><p><br \/><strong>Voici quelques menus propos\u00e9s dans notre restaurant:<\/strong><\/p><ul><li style=\"font-weight: 400;\"><span style=\"font-weight: 400;\">Potage Haricot blanc \/ Spaghetti bolognaise \/ poire;<\/span><\/li><li style=\"font-weight: 400;\"><span style=\"font-weight: 400;\">Potage c\u00e9leri rave \/ Brochette de dinde, pommes de terre rissol\u00e9es, brocoli \/ Balisto;<\/span><\/li><li style=\"font-weight: 400;\"><span style=\"font-weight: 400;\">Potage tomates \/ Carbonnade de boeuf, salade, frites \/ Danette Vanille;<\/span><\/li><li style=\"font-weight: 400;\"><span style=\"font-weight: 400;\">Potage potiron \/ Poisson pan\u00e9, pur\u00e9e de carottes \/ Glace<\/span><\/li><\/ul>\t\t\t\t\t\t\t\t<\/div>\n\t\t\t\t<\/div>\n\t\t\t\t<div class=\"elementor-element elementor-element-6ec29485 sc_fly_static elementor-widget elementor-widget-spacer\" data-id=\"6ec29485\" data-element_type=\"widget\" data-widget_type=\"spacer.default\">\n\t\t\t\t<div class=\"elementor-widget-container\">\n\t\t\t\t\t\t\t<div class=\"elementor-spacer\">\n\t\t\t<div class=\"elementor-spacer-inner\"><\/div>\n\t\t<\/div>\n\t\t\t\t\t\t<\/div>\n\t\t\t\t<\/div>\n\t\t\t\t\t<\/div>\n\t\t<\/div>\n\t\t\t\t<div class=\"elementor-column elementor-col-50 elementor-top-column elementor-element elementor-element-9d2d5b8 sc_layouts_column_icons_position_left elementor-invisible\" data-id=\"9d2d5b8\" data-element_type=\"column\" data-settings=\"{&quot;animation&quot;:&quot;fadeInRight&quot;}\">\n\t\t\t<div class=\"elementor-widget-wrap elementor-element-populated\">\n\t\t\t\t\t\t<div class=\"elementor-element elementor-element-525b657 sc_fly_static elementor-invisible elementor-widget elementor-widget-image\" data-id=\"525b657\" data-element_type=\"widget\" data-settings=\"{&quot;_animation&quot;:&quot;fadeInRight&quot;}\" data-widget_type=\"image.default\">\n\t\t\t\t<div class=\"elementor-widget-container\">\n\t\t\t\t\t\t\t\t\t\t\t\t\t\t\t<img fetchpriority=\"high\" decoding=\"async\" width=\"800\" height=\"600\" src=\"https:\/\/www.averwee.be\/site\/wp-content\/uploads\/2023\/12\/DSC01753-800x600-.jpg\" class=\"attachment-full size-full wp-image-3391\" alt=\"\" srcset=\"https:\/\/www.averwee.be\/site\/wp-content\/uploads\/2023\/12\/DSC01753-800x600-.jpg 800w, https:\/\/www.averwee.be\/site\/wp-content\/uploads\/2023\/12\/DSC01753-800x600--300x225.jpg 300w, https:\/\/www.averwee.be\/site\/wp-content\/uploads\/2023\/12\/DSC01753-800x600--768x576.jpg 768w, https:\/\/www.averwee.be\/site\/wp-content\/uploads\/2023\/12\/DSC01753-800x600--370x278.jpg 370w, https:\/\/www.averwee.be\/site\/wp-content\/uploads\/2023\/12\/DSC01753-800x600--760x570.jpg 760w\" sizes=\"(max-width: 800px) 100vw, 800px\" \/>\t\t\t\t\t\t\t\t\t\t\t\t\t\t\t<\/div>\n\t\t\t\t<\/div>\n\t\t\t\t\t<\/div>\n\t\t<\/div>\n\t\t\t\t\t<\/div>\n\t\t<\/section>\n\t\t\t\t<section class=\"elementor-section elementor-top-section elementor-element elementor-element-029c12e elementor-section-boxed elementor-section-height-default elementor-section-height-default\" data-id=\"029c12e\" data-element_type=\"section\">\n\t\t\t\t\t\t<div class=\"elementor-container elementor-column-gap-extended\">\n\t\t\t\t\t<div class=\"elementor-column elementor-col-100 elementor-top-column elementor-element elementor-element-427eb25 sc_layouts_column_icons_position_left\" data-id=\"427eb25\" data-element_type=\"column\">\n\t\t\t<div class=\"elementor-widget-wrap elementor-element-populated\">\n\t\t\t\t\t\t<div class=\"elementor-element elementor-element-43ce3e3 sc_fly_static elementor-widget elementor-widget-spacer\" data-id=\"43ce3e3\" data-element_type=\"widget\" data-widget_type=\"spacer.default\">\n\t\t\t\t<div class=\"elementor-widget-container\">\n\t\t\t\t\t\t\t<div class=\"elementor-spacer\">\n\t\t\t<div class=\"elementor-spacer-inner\"><\/div>\n\t\t<\/div>\n\t\t\t\t\t\t<\/div>\n\t\t\t\t<\/div>\n\t\t\t\t\t<\/div>\n\t\t<\/div>\n\t\t\t\t\t<\/div>\n\t\t<\/section>\n\t\t\t\t<section class=\"elementor-section elementor-top-section elementor-element elementor-element-a0a38c1 elementor-section-boxed elementor-section-height-default elementor-section-height-default\" data-id=\"a0a38c1\" data-element_type=\"section\">\n\t\t\t\t\t\t<div class=\"elementor-container elementor-column-gap-extended\">\n\t\t\t\t\t<div class=\"elementor-column elementor-col-100 elementor-top-column elementor-element elementor-element-1b3104b sc_layouts_column_icons_position_left\" data-id=\"1b3104b\" data-element_type=\"column\">\n\t\t\t<div class=\"elementor-widget-wrap elementor-element-populated\">\n\t\t\t\t\t\t<div class=\"elementor-element elementor-element-1c7ac83 sc_fly_static elementor-widget elementor-widget-image\" data-id=\"1c7ac83\" data-element_type=\"widget\" data-widget_type=\"image.default\">\n\t\t\t\t<div class=\"elementor-widget-container\">\n\t\t\t\t\t\t\t\t\t\t\t\t\t\t\t<img decoding=\"async\" width=\"370\" height=\"278\" src=\"https:\/\/www.averwee.be\/site\/wp-content\/uploads\/2024\/04\/resto.jpg\" class=\"attachment-large size-large wp-image-12113\" alt=\"\" srcset=\"https:\/\/www.averwee.be\/site\/wp-content\/uploads\/2024\/04\/resto.jpg 370w, https:\/\/www.averwee.be\/site\/wp-content\/uploads\/2024\/04\/resto-300x225.jpg 300w\" sizes=\"(max-width: 370px) 100vw, 370px\" \/>\t\t\t\t\t\t\t\t\t\t\t\t\t\t\t<\/div>\n\t\t\t\t<\/div>\n\t\t\t\t\t<\/div>\n\t\t<\/div>\n\t\t\t\t\t<\/div>\n\t\t<\/section>\n\t\t\t\t<section class=\"elementor-section elementor-top-section elementor-element elementor-element-9c42716 elementor-section-boxed elementor-section-height-default elementor-section-height-default\" data-id=\"9c42716\" data-element_type=\"section\">\n\t\t\t\t\t\t<div class=\"elementor-container elementor-column-gap-extended\">\n\t\t\t\t\t<div class=\"elementor-column elementor-col-100 elementor-top-column elementor-element elementor-element-ecbb258 sc_layouts_column_icons_position_left\" data-id=\"ecbb258\" data-element_type=\"column\">\n\t\t\t<div class=\"elementor-widget-wrap elementor-element-populated\">\n\t\t\t\t\t\t<div class=\"elementor-element elementor-element-1ab5c3d sc_fly_static elementor-widget elementor-widget-heading\" data-id=\"1ab5c3d\" data-element_type=\"widget\" data-widget_type=\"heading.default\">\n\t\t\t\t<div class=\"elementor-widget-container\">\n\t\t\t\t\t<h2 class=\"elementor-heading-title elementor-size-default\">Menus du mois<\/h2>\t\t\t\t<\/div>\n\t\t\t\t<\/div>\n\t\t\t\t\t<\/div>\n\t\t<\/div>\n\t\t\t\t\t<\/div>\n\t\t<\/section>\n\t\t\t\t<section class=\"elementor-section elementor-top-section elementor-element elementor-element-f391ae8 elementor-section-boxed elementor-section-height-default elementor-section-height-default\" data-id=\"f391ae8\" data-element_type=\"section\">\n\t\t\t\t\t\t<div class=\"elementor-container elementor-column-gap-extended\">\n\t\t\t\t\t<div class=\"elementor-column elementor-col-100 elementor-top-column elementor-element elementor-element-1e917ca sc_layouts_column_icons_position_left\" data-id=\"1e917ca\" data-element_type=\"column\">\n\t\t\t<div class=\"elementor-widget-wrap elementor-element-populated\">\n\t\t\t\t\t\t<div class=\"elementor-element elementor-element-1586dc8 sc_fly_static elementor-widget elementor-widget-image\" data-id=\"1586dc8\" data-element_type=\"widget\" data-widget_type=\"image.default\">\n\t\t\t\t<div class=\"elementor-widget-container\">\n\t\t\t\t\t\t\t\t\t\t\t\t\t\t\t<img decoding=\"async\" src=\"https:\/\/www.averwee.be\/site\/wp-content\/uploads\/2024\/04\/Menu-AVRIL-2024-6.pdf\" title=\"\" alt=\"\" loading=\"lazy\" \/>\t\t\t\t\t\t\t\t\t\t\t\t\t\t\t<\/div>\n\t\t\t\t<\/div>\n\t\t\t\t\t<\/div>\n\t\t<\/div>\n\t\t\t\t\t<\/div>\n\t\t<\/section>\n\t\t\t\t<section class=\"elementor-section elementor-top-section elementor-element elementor-element-48812bf elementor-section-boxed elementor-section-height-default elementor-section-height-default\" data-id=\"48812bf\" data-element_type=\"section\">\n\t\t\t\t\t\t<div class=\"elementor-container elementor-column-gap-extended\">\n\t\t\t\t\t<div class=\"elementor-column elementor-col-100 elementor-top-column elementor-element elementor-element-8eb2ea6 sc_layouts_column_icons_position_left\" data-id=\"8eb2ea6\" data-element_type=\"column\">\n\t\t\t<div class=\"elementor-widget-wrap elementor-element-populated\">\n\t\t\t\t\t\t<div class=\"elementor-element elementor-element-5233762 sc_fly_static elementor-widget elementor-widget-heading\" data-id=\"5233762\" data-element_type=\"widget\" data-widget_type=\"heading.default\">\n\t\t\t\t<div class=\"elementor-widget-container\">\n\t\t\t\t\t<h6 class=\"elementor-heading-title elementor-size-default\"><a href=\"https:\/\/www.averwee.be\/site\/wp-content\/uploads\/2024\/10\/Menu-Octobre-2024.pdf\">Octobre 2024<\/a><\/h6>\t\t\t\t<\/div>\n\t\t\t\t<\/div>\n\t\t\t\t\t<\/div>\n\t\t<\/div>\n\t\t\t\t\t<\/div>\n\t\t<\/section>\n\t\t\t\t<section class=\"elementor-section elementor-top-section elementor-element elementor-element-f96f853 elementor-section-boxed elementor-section-height-default elementor-section-height-default\" data-id=\"f96f853\" data-element_type=\"section\">\n\t\t\t\t\t\t<div class=\"elementor-container elementor-column-gap-extended\">\n\t\t\t\t\t<div class=\"elementor-column elementor-col-100 elementor-top-column elementor-element elementor-element-d362520 sc_layouts_column_icons_position_left\" data-id=\"d362520\" data-element_type=\"column\">\n\t\t\t<div class=\"elementor-widget-wrap elementor-element-populated\">\n\t\t\t\t\t\t<div class=\"elementor-element elementor-element-adcb12b sc_fly_static elementor-widget elementor-widget-image\" data-id=\"adcb12b\" data-element_type=\"widget\" data-widget_type=\"image.default\">\n\t\t\t\t<div class=\"elementor-widget-container\">\n\t\t\t\t\t\t\t\t\t\t\t\t\t\t\t<img decoding=\"async\" src=\"https:\/\/www.averwee.be\/site\/wp-content\/uploads\/2024\/04\/Menu-AVRIL-2024-6.pdf\" title=\"\" alt=\"\" loading=\"lazy\" \/>\t\t\t\t\t\t\t\t\t\t\t\t\t\t\t<\/div>\n\t\t\t\t<\/div>\n\t\t\t\t\t<\/div>\n\t\t<\/div>\n\t\t\t\t\t<\/div>\n\t\t<\/section>\n\t\t\t\t<\/div>\n\t\t","protected":false},"excerpt":{"rendered":"<p>Le restaurant scolaire Notre Ath\u00e9n\u00e9e est plus que jamais concern\u00e9 par la nutrition saine et \u00e9quilibr\u00e9e de vos enfants en&hellip;<\/p>\n","protected":false},"author":1,"featured_media":0,"parent":0,"menu_order":0,"comment_status":"closed","ping_status":"closed","template":"","meta":{"_EventAllDay":false,"_EventTimezone":"","_EventStartDate":"","_EventEndDate":"","_EventStartDateUTC":"","_EventEndDateUTC":"","_EventShowMap":false,"_EventShowMapLink":false,"_EventURL":"","_EventCost":"","_EventCostDescription":"","_EventCurrencySymbol":"","_EventCurrencyCode":"","_EventCurrencyPosition":"","_EventDateTimeSeparator":"","_EventTimeRangeSeparator":"","_EventOrganizerID":[],"_EventVenueID":[],"_OrganizerEmail":"","_OrganizerPhone":"","_OrganizerWebsite":"","_VenueAddress":"","_VenueCity":"","_VenueCountry":"","_VenueProvince":"","_VenueState":"","_VenueZip":"","_VenuePhone":"","_VenueURL":"","_VenueStateProvince":"","_VenueLat":"","_VenueLng":"","_VenueShowMap":false,"_VenueShowMapLink":false,"footnotes":""},"class_list":["post-3388","page","type-page","status-publish","hentry"],"_links":{"self":[{"href":"https:\/\/www.averwee.be\/site\/wp-json\/wp\/v2\/pages\/3388","targetHints":{"allow":["GET"]}}],"collection":[{"href":"https:\/\/www.averwee.be\/site\/wp-json\/wp\/v2\/pages"}],"about":[{"href":"https:\/\/www.averwee.be\/site\/wp-json\/wp\/v2\/types\/page"}],"author":[{"embeddable":true,"href":"https:\/\/www.averwee.be\/site\/wp-json\/wp\/v2\/users\/1"}],"replies":[{"embeddable":true,"href":"https:\/\/www.averwee.be\/site\/wp-json\/wp\/v2\/comments?post=3388"}],"version-history":[{"count":128,"href":"https:\/\/www.averwee.be\/site\/wp-json\/wp\/v2\/pages\/3388\/revisions"}],"predecessor-version":[{"id":12579,"href":"https:\/\/www.averwee.be\/site\/wp-json\/wp\/v2\/pages\/3388\/revisions\/12579"}],"wp:attachment":[{"href":"https:\/\/www.averwee.be\/site\/wp-json\/wp\/v2\/media?parent=3388"}],"curies":[{"name":"wp","href":"https:\/\/api.w.org\/{rel}","templated":true}]}}