{"id":8993,"date":"2024-01-19T11:21:59","date_gmt":"2024-01-19T11:21:59","guid":{"rendered":"https:\/\/www.averwee.be\/site\/?page_id=8993"},"modified":"2025-08-24T12:41:49","modified_gmt":"2025-08-24T12:41:49","slug":"verwee","status":"publish","type":"page","link":"https:\/\/www.averwee.be\/site\/verwee\/","title":{"rendered":"verwee"},"content":{"rendered":"\t\t<div data-elementor-type=\"wp-post\" data-elementor-id=\"8993\" class=\"elementor elementor-8993\">\n\t\t\t\t\t\t<section class=\"elementor-section elementor-top-section elementor-element elementor-element-2bed156 elementor-section-content-middle elementor-section-boxed elementor-section-height-default elementor-section-height-default\" data-id=\"2bed156\" data-element_type=\"section\">\n\t\t\t\t\t\t<div class=\"elementor-container elementor-column-gap-extended\">\n\t\t\t\t\t<div class=\"elementor-column elementor-col-33 elementor-top-column elementor-element elementor-element-3524d0c sc_layouts_column_icons_position_left\" data-id=\"3524d0c\" data-element_type=\"column\">\n\t\t\t<div class=\"elementor-widget-wrap elementor-element-populated\">\n\t\t\t\t\t\t<div class=\"elementor-element elementor-element-e78f35d frame sc_fly_static elementor-widget elementor-widget-heading\" data-id=\"e78f35d\" data-element_type=\"widget\" data-widget_type=\"heading.default\">\n\t\t\t\t<div class=\"elementor-widget-container\">\n\t\t\t\t\t<h3 class=\"elementor-heading-title elementor-size-default\"> L\u2019implantation   \u00ab Verw\u00e9e \u00bb :<\/h3>\t\t\t\t<\/div>\n\t\t\t\t<\/div>\n\t\t\t\t\t<\/div>\n\t\t<\/div>\n\t\t\t\t<div class=\"elementor-column elementor-col-33 elementor-top-column elementor-element elementor-element-f7f0142 sc_layouts_column_icons_position_left\" data-id=\"f7f0142\" data-element_type=\"column\">\n\t\t\t<div class=\"elementor-widget-wrap\">\n\t\t\t\t\t\t\t<\/div>\n\t\t<\/div>\n\t\t\t\t<div class=\"elementor-column elementor-col-33 elementor-top-column elementor-element elementor-element-0d4f914 sc_layouts_column_icons_position_left\" data-id=\"0d4f914\" data-element_type=\"column\">\n\t\t\t<div class=\"elementor-widget-wrap\">\n\t\t\t\t\t\t\t<\/div>\n\t\t<\/div>\n\t\t\t\t\t<\/div>\n\t\t<\/section>\n\t\t\t\t<section class=\"elementor-section elementor-top-section elementor-element elementor-element-6b61af9 elementor-section-boxed elementor-section-height-default elementor-section-height-default\" data-id=\"6b61af9\" data-element_type=\"section\">\n\t\t\t\t\t\t<div class=\"elementor-container elementor-column-gap-extended\">\n\t\t\t\t\t<div class=\"elementor-column elementor-col-33 elementor-top-column elementor-element elementor-element-b72c3a4 sc_layouts_column_icons_position_left\" data-id=\"b72c3a4\" data-element_type=\"column\">\n\t\t\t<div class=\"elementor-widget-wrap elementor-element-populated\">\n\t\t\t\t\t\t<div class=\"elementor-element elementor-element-7585b45 sc_fly_static elementor-widget elementor-widget-text-editor\" data-id=\"7585b45\" data-element_type=\"widget\" data-widget_type=\"text-editor.default\">\n\t\t\t\t<div class=\"elementor-widget-container\">\n\t\t\t\t\t\t\t\t\t<p><b>Pr\u00e9fet : <br \/>M. Abed. Mellouli<\/b><\/p><p><b> Tel:<\/b> 02\/244.91.91 <br \/><b> E-mail:<\/b>\u00a0direction<span class=\"in-cls\">@arverwee.be<\/span><\/p>\t\t\t\t\t\t\t\t<\/div>\n\t\t\t\t<\/div>\n\t\t\t\t\t<\/div>\n\t\t<\/div>\n\t\t\t\t<div class=\"elementor-column elementor-col-33 elementor-top-column elementor-element elementor-element-9a7985d sc_layouts_column_icons_position_left\" data-id=\"9a7985d\" data-element_type=\"column\">\n\t\t\t<div class=\"elementor-widget-wrap elementor-element-populated\">\n\t\t\t\t\t\t<div class=\"elementor-element elementor-element-3b9ee5e sc_fly_static elementor-widget elementor-widget-text-editor\" data-id=\"3b9ee5e\" data-element_type=\"widget\" data-widget_type=\"text-editor.default\">\n\t\t\t\t<div class=\"elementor-widget-container\">\n\t\t\t\t\t\t\t\t\t<p><b>Directeur adjoint: <br \/>M. H.Boukhari<\/b><\/p><p><b> Tel:<\/b> 02\/244.91.86 <br \/><b> E-mail:<\/b>\u00a0<span class=\"in-cls\">dir.adj.boukhari@arverwee.be<\/span><\/p><p>\u00a0<\/p>\t\t\t\t\t\t\t\t<\/div>\n\t\t\t\t<\/div>\n\t\t\t\t\t<\/div>\n\t\t<\/div>\n\t\t\t\t<div class=\"elementor-column elementor-col-33 elementor-top-column elementor-element elementor-element-800b663 sc_layouts_column_icons_position_left\" data-id=\"800b663\" data-element_type=\"column\">\n\t\t\t<div class=\"elementor-widget-wrap elementor-element-populated\">\n\t\t\t\t\t\t<div class=\"elementor-element elementor-element-f60a32e sc_fly_static elementor-widget elementor-widget-text-editor\" data-id=\"f60a32e\" data-element_type=\"widget\" data-widget_type=\"text-editor.default\">\n\t\t\t\t<div class=\"elementor-widget-container\">\n\t\t\t\t\t\t\t\t\t<p><b>Chef d&#8217;atelier\u00a0: <br \/>M. A. Toallati<\/b><\/p><p><b> Tel:<\/b> 02\/244.91.91 <br \/><b>Gsm:<\/b> 0490\/44.98.29<br \/><b> E-mail:<\/b> chefdatelier.toallati@arverwee.be<\/p><p>\u00a0<\/p>\t\t\t\t\t\t\t\t<\/div>\n\t\t\t\t<\/div>\n\t\t\t\t\t<\/div>\n\t\t<\/div>\n\t\t\t\t\t<\/div>\n\t\t<\/section>\n\t\t\t\t<section class=\"elementor-section elementor-top-section elementor-element elementor-element-6c988a9 elementor-section-content-middle elementor-section-boxed elementor-section-height-default elementor-section-height-default\" data-id=\"6c988a9\" data-element_type=\"section\">\n\t\t\t\t\t\t<div class=\"elementor-container elementor-column-gap-extended\">\n\t\t\t\t\t<div class=\"elementor-column elementor-col-33 elementor-top-column elementor-element elementor-element-2674cb1 sc_layouts_column_icons_position_left\" data-id=\"2674cb1\" data-element_type=\"column\">\n\t\t\t<div class=\"elementor-widget-wrap\">\n\t\t\t\t\t\t\t<\/div>\n\t\t<\/div>\n\t\t\t\t<div class=\"elementor-column elementor-col-33 elementor-top-column elementor-element elementor-element-8ec3e1a sc_layouts_column_icons_position_left\" data-id=\"8ec3e1a\" data-element_type=\"column\">\n\t\t\t<div class=\"elementor-widget-wrap elementor-element-populated\">\n\t\t\t\t\t\t<div class=\"elementor-element elementor-element-8e6a740 sc_fly_static elementor-invisible elementor-widget elementor-widget-image\" data-id=\"8e6a740\" data-element_type=\"widget\" data-settings=\"{&quot;_animation&quot;:&quot;fadeInLeft&quot;}\" data-widget_type=\"image.default\">\n\t\t\t\t<div class=\"elementor-widget-container\">\n\t\t\t\t\t\t\t\t\t\t\t\t\t\t\t<img decoding=\"async\" src=\"https:\/\/www.averwee.be\/site\/wp-content\/uploads\/elementor\/thumbs\/DSC01730-qg67y7sz9bsziel1p71l43e6brlx8kw6n9mfeahsfc.jpg\" title=\"DSC01730\" alt=\"DSC01730\" loading=\"lazy\" \/>\t\t\t\t\t\t\t\t\t\t\t\t\t\t\t<\/div>\n\t\t\t\t<\/div>\n\t\t\t\t\t<\/div>\n\t\t<\/div>\n\t\t\t\t<div class=\"elementor-column elementor-col-33 elementor-top-column elementor-element elementor-element-c32d4ea sc_layouts_column_icons_position_left\" data-id=\"c32d4ea\" data-element_type=\"column\">\n\t\t\t<div class=\"elementor-widget-wrap\">\n\t\t\t\t\t\t\t<\/div>\n\t\t<\/div>\n\t\t\t\t\t<\/div>\n\t\t<\/section>\n\t\t\t\t<section class=\"elementor-section elementor-top-section elementor-element elementor-element-a41e3ae elementor-section-boxed elementor-section-height-default elementor-section-height-default\" data-id=\"a41e3ae\" data-element_type=\"section\">\n\t\t\t\t\t\t<div class=\"elementor-container elementor-column-gap-default\">\n\t\t\t\t\t<div class=\"elementor-column elementor-col-33 elementor-top-column elementor-element elementor-element-9f60976 sc_layouts_column_icons_position_left\" data-id=\"9f60976\" data-element_type=\"column\">\n\t\t\t<div class=\"elementor-widget-wrap elementor-element-populated\">\n\t\t\t\t\t\t<div class=\"elementor-element elementor-element-7b1072d sc_fly_static elementor-widget elementor-widget-text-editor\" data-id=\"7b1072d\" data-element_type=\"widget\" data-widget_type=\"text-editor.default\">\n\t\t\t\t<div class=\"elementor-widget-container\">\n\t\t\t\t\t\t\t\t\t<p><b>Secr\u00e9tariat\u00a0 de direction :\u00a0<\/b><\/p><p>Mme EL Filali Dounia<\/p><p><b>Tel:<\/b> 02\/244.91.91<br \/><b>E-mail: nacira.el-secretariat@arverwee.be<\/b><\/p>\t\t\t\t\t\t\t\t<\/div>\n\t\t\t\t<\/div>\n\t\t\t\t\t<\/div>\n\t\t<\/div>\n\t\t\t\t<div class=\"elementor-column elementor-col-33 elementor-top-column elementor-element elementor-element-df64322 sc_layouts_column_icons_position_left\" data-id=\"df64322\" data-element_type=\"column\">\n\t\t\t<div class=\"elementor-widget-wrap elementor-element-populated\">\n\t\t\t\t\t\t<div class=\"elementor-element elementor-element-b248401 sc_fly_static elementor-widget elementor-widget-text-editor\" data-id=\"b248401\" data-element_type=\"widget\" data-widget_type=\"text-editor.default\">\n\t\t\t\t<div class=\"elementor-widget-container\">\n\t\t\t\t\t\t\t\t\t<p><b>R\u00e9dactrices :\u00a0<\/b><\/p><p>Mme Dogan Duygu<br \/><b>E-mail: duygu.dogan@arverwee.be<\/b><\/p><p>Mme El Maouhoubi Hanane<br \/><b>E-mail: hanane.elmaouhoubi@arverwee.be<\/b><\/p>\t\t\t\t\t\t\t\t<\/div>\n\t\t\t\t<\/div>\n\t\t\t\t\t<\/div>\n\t\t<\/div>\n\t\t\t\t<div class=\"elementor-column elementor-col-33 elementor-top-column elementor-element elementor-element-f72e44d sc_layouts_column_icons_position_left\" data-id=\"f72e44d\" data-element_type=\"column\">\n\t\t\t<div class=\"elementor-widget-wrap elementor-element-populated\">\n\t\t\t\t\t\t<div class=\"elementor-element elementor-element-528172c sc_fly_static elementor-widget elementor-widget-text-editor\" data-id=\"528172c\" data-element_type=\"widget\" data-widget_type=\"text-editor.default\">\n\t\t\t\t<div class=\"elementor-widget-container\">\n\t\t\t\t\t\t\t\t\t<p><b>Comptable f.f:\u00a0<\/b><\/p><p>M. Sudeu Gaetan<\/p><p><b>Tel:<\/b> 02\/244.02.62<br \/><b>E-mail:\u00a0<\/b><span class=\"in-cls\">econome@averwee.be<\/span><\/p>\t\t\t\t\t\t\t\t<\/div>\n\t\t\t\t<\/div>\n\t\t\t\t\t<\/div>\n\t\t<\/div>\n\t\t\t\t\t<\/div>\n\t\t<\/section>\n\t\t\t\t<section class=\"elementor-section elementor-top-section elementor-element elementor-element-9d2b565 elementor-section-full_width elementor-section-height-default elementor-section-height-default\" data-id=\"9d2b565\" data-element_type=\"section\">\n\t\t\t\t\t\t<div class=\"elementor-container elementor-column-gap-custom\">\n\t\t\t\t\t<div class=\"elementor-column elementor-col-33 elementor-top-column elementor-element elementor-element-99149f3 sc_layouts_column_icons_position_left\" data-id=\"99149f3\" data-element_type=\"column\">\n\t\t\t<div class=\"elementor-widget-wrap elementor-element-populated\">\n\t\t\t\t\t\t<div class=\"elementor-element elementor-element-ac858dd sc_fly_static elementor-widget elementor-widget-text-editor\" data-id=\"ac858dd\" data-element_type=\"widget\" data-widget_type=\"text-editor.default\">\n\t\t\t\t<div class=\"elementor-widget-container\">\n\t\t\t\t\t\t\t\t\t<p><a href=\"https:\/\/www.averwee.be\/site\/wp-content\/uploads\/2024\/02\/educateurs.verwee.pdf\"><b>Equipe des \u00e9ducateur (trice)s:<\/b><\/a><\/p><p><b>Implantation Verw\u00e9e:<\/b><\/p><p><span style=\"color: #000000;\"><strong><a style=\"color: #000000;\" href=\"https:\/\/www.averwee.be\/site\/wp-content\/uploads\/2024\/05\/educateurs.pdf\">M. Afailal:<\/a>\u00a0<\/strong><\/span> 02\/244 91 92<br \/><a href=\"https:\/\/www.averwee.be\/site\/wp-content\/uploads\/2024\/02\/Fatima-1.pdf\"><strong>Mme. El Harrouchi<\/strong><\/a> 02\/244 91 97<br \/><strong>M. Nion:<\/strong>\u00a0 02\/244 91 96<br \/><span style=\"color: #000000;\"><strong>Mme. Manouach:<\/strong><\/span>\u00a0 02\/244 91 91<\/p>\t\t\t\t\t\t\t\t<\/div>\n\t\t\t\t<\/div>\n\t\t\t\t\t<\/div>\n\t\t<\/div>\n\t\t\t\t<div class=\"elementor-column elementor-col-33 elementor-top-column elementor-element elementor-element-32ab1db sc_layouts_column_icons_position_left\" data-id=\"32ab1db\" data-element_type=\"column\">\n\t\t\t<div class=\"elementor-widget-wrap elementor-element-populated\">\n\t\t\t\t\t\t<div class=\"elementor-element elementor-element-df1d0d6 elementor-widget__width-initial sc_fly_static elementor-widget elementor-widget-text-editor\" data-id=\"df1d0d6\" data-element_type=\"widget\" data-widget_type=\"text-editor.default\">\n\t\t\t\t<div class=\"elementor-widget-container\">\n\t\t\t\t\t\t\t\t\t<p><b> M\u00e9diateur social: <\/b><\/p><p><a href=\"https:\/\/www.averwee.be\/site\/wp-content\/uploads\/2024\/02\/20240122_114355-scaled.jpg\"><strong>M. Alaoui Driss<\/strong><\/a><\/p><p><b>Tel: <\/b>02\/244.91.98<br \/><b>E-mail: <\/b><span class=\"in-cls\">driss.alaoui@arverwee.be<\/span><\/p><p><span style=\"color: #000000;\"><b><a style=\"color: #000000;\" href=\"https:\/\/www.averwee.be\/site\/wp-content\/uploads\/2024\/02\/RN.pdf\">R\u00e9f\u00e9rent Num\u00e9rique:<\/a>\u00a0<\/b><\/span><\/p><p><b>E-mail: <\/b>referent.numerique@arverwee.be<b><\/b><\/p><p><strong>Conciergerie:<\/strong><\/p><p><strong>M. Saliu Basri<\/strong><br \/><strong>Tel:\u00a0<\/strong> 02\/244.91.80<\/p>\t\t\t\t\t\t\t\t<\/div>\n\t\t\t\t<\/div>\n\t\t\t\t\t<\/div>\n\t\t<\/div>\n\t\t\t\t<div class=\"elementor-column elementor-col-33 elementor-top-column elementor-element elementor-element-30eb311 sc_layouts_column_icons_position_left\" data-id=\"30eb311\" data-element_type=\"column\">\n\t\t\t<div class=\"elementor-widget-wrap elementor-element-populated\">\n\t\t\t\t\t\t<div class=\"elementor-element elementor-element-68a4009 elementor-widget__width-initial sc_fly_static elementor-widget elementor-widget-text-editor\" data-id=\"68a4009\" data-element_type=\"widget\" data-widget_type=\"text-editor.default\">\n\t\t\t\t<div class=\"elementor-widget-container\">\n\t\t\t\t\t\t\t\t\t<p><b>Equipe de l&#8217;Amicale: <\/b><\/p><p>M. Bogaerts Xavier: <strong>Pr\u00e9sident de l&#8217;Amicale<\/strong><br \/>M. Wahnon Manuel: <b>Comptable<br \/><\/b>Mme Renkin Natascha: <b>Secr\u00e9taire<br \/><\/b>Mme Rohart Virginie: <b>Tr\u00e9sori\u00e8re <\/b><br \/><b><br \/>E-mail: <\/b><span class=\"in-cls\">amicale@arverwee.be<\/span><\/p>\t\t\t\t\t\t\t\t<\/div>\n\t\t\t\t<\/div>\n\t\t\t\t\t<\/div>\n\t\t<\/div>\n\t\t\t\t\t<\/div>\n\t\t<\/section>\n\t\t\t\t<section class=\"elementor-section elementor-top-section elementor-element elementor-element-6e70b51 elementor-section-boxed elementor-section-height-default elementor-section-height-default\" data-id=\"6e70b51\" data-element_type=\"section\">\n\t\t\t\t\t\t<div class=\"elementor-container elementor-column-gap-extended\">\n\t\t\t\t\t<div class=\"elementor-column elementor-col-33 elementor-top-column elementor-element elementor-element-51766f3 sc_layouts_column_icons_position_left\" data-id=\"51766f3\" data-element_type=\"column\">\n\t\t\t<div class=\"elementor-widget-wrap\">\n\t\t\t\t\t\t\t<\/div>\n\t\t<\/div>\n\t\t\t\t<div class=\"elementor-column elementor-col-33 elementor-top-column elementor-element elementor-element-9a23ed5 sc_layouts_column_icons_position_left\" data-id=\"9a23ed5\" data-element_type=\"column\">\n\t\t\t<div class=\"elementor-widget-wrap\">\n\t\t\t\t\t\t\t<\/div>\n\t\t<\/div>\n\t\t\t\t<div class=\"elementor-column elementor-col-33 elementor-top-column elementor-element elementor-element-495d345 sc_layouts_column_icons_position_left\" data-id=\"495d345\" data-element_type=\"column\">\n\t\t\t<div class=\"elementor-widget-wrap\">\n\t\t\t\t\t\t\t<\/div>\n\t\t<\/div>\n\t\t\t\t\t<\/div>\n\t\t<\/section>\n\t\t\t\t<\/div>\n\t\t","protected":false},"excerpt":{"rendered":"<p>L\u2019implantation \u00ab Verw\u00e9e \u00bb : Pr\u00e9fet : M. Abed. Mellouli Tel: 02\/244.91.91 E-mail:\u00a0direction@arverwee.be Directeur adjoint: M. H.Boukhari Tel: 02\/244.91.86 E-mail:\u00a0dir.adj.boukhari@arverwee.be&hellip;<\/p>\n","protected":false},"author":1,"featured_media":0,"parent":0,"menu_order":0,"comment_status":"closed","ping_status":"closed","template":"","meta":{"_EventAllDay":false,"_EventTimezone":"","_EventStartDate":"","_EventEndDate":"","_EventStartDateUTC":"","_EventEndDateUTC":"","_EventShowMap":false,"_EventShowMapLink":false,"_EventURL":"","_EventCost":"","_EventCostDescription":"","_EventCurrencySymbol":"","_EventCurrencyCode":"","_EventCurrencyPosition":"","_EventDateTimeSeparator":"","_EventTimeRangeSeparator":"","_EventOrganizerID":[],"_EventVenueID":[],"_OrganizerEmail":"","_OrganizerPhone":"","_OrganizerWebsite":"","_VenueAddress":"","_VenueCity":"","_VenueCountry":"","_VenueProvince":"","_VenueState":"","_VenueZip":"","_VenuePhone":"","_VenueURL":"","_VenueStateProvince":"","_VenueLat":"","_VenueLng":"","_VenueShowMap":false,"_VenueShowMapLink":false,"footnotes":""},"class_list":["post-8993","page","type-page","status-publish","hentry"],"_links":{"self":[{"href":"https:\/\/www.averwee.be\/site\/wp-json\/wp\/v2\/pages\/8993","targetHints":{"allow":["GET"]}}],"collection":[{"href":"https:\/\/www.averwee.be\/site\/wp-json\/wp\/v2\/pages"}],"about":[{"href":"https:\/\/www.averwee.be\/site\/wp-json\/wp\/v2\/types\/page"}],"author":[{"embeddable":true,"href":"https:\/\/www.averwee.be\/site\/wp-json\/wp\/v2\/users\/1"}],"replies":[{"embeddable":true,"href":"https:\/\/www.averwee.be\/site\/wp-json\/wp\/v2\/comments?post=8993"}],"version-history":[{"count":514,"href":"https:\/\/www.averwee.be\/site\/wp-json\/wp\/v2\/pages\/8993\/revisions"}],"predecessor-version":[{"id":12918,"href":"https:\/\/www.averwee.be\/site\/wp-json\/wp\/v2\/pages\/8993\/revisions\/12918"}],"wp:attachment":[{"href":"https:\/\/www.averwee.be\/site\/wp-json\/wp\/v2\/media?parent=8993"}],"curies":[{"name":"wp","href":"https:\/\/api.w.org\/{rel}","templated":true}]}}