{"id":9226,"date":"2024-01-20T09:58:36","date_gmt":"2024-01-20T09:58:36","guid":{"rendered":"https:\/\/www.averwee.be\/site\/?page_id=9226"},"modified":"2024-02-12T09:10:39","modified_gmt":"2024-02-12T09:10:39","slug":"3tq-2","status":"publish","type":"page","link":"https:\/\/www.averwee.be\/site\/3tq-2\/","title":{"rendered":"3TQ"},"content":{"rendered":"\t\t<div data-elementor-type=\"wp-post\" data-elementor-id=\"9226\" class=\"elementor elementor-9226\">\n\t\t\t\t\t\t<section class=\"elementor-section elementor-top-section elementor-element elementor-element-bb3d506 elementor-section-boxed elementor-section-height-default elementor-section-height-default\" data-id=\"bb3d506\" data-element_type=\"section\">\n\t\t\t\t\t\t<div class=\"elementor-container elementor-column-gap-extended\">\n\t\t\t\t\t<div class=\"elementor-column elementor-col-100 elementor-top-column elementor-element elementor-element-5dc8606 sc_layouts_column_icons_position_left\" data-id=\"5dc8606\" data-element_type=\"column\" data-settings=\"{&quot;background_background&quot;:&quot;classic&quot;}\">\n\t\t\t<div class=\"elementor-widget-wrap elementor-element-populated\">\n\t\t\t\t\t\t<div class=\"elementor-element elementor-element-ece2402 color-cls sc_fly_static elementor-widget elementor-widget-trx_sc_title\" data-id=\"ece2402\" data-element_type=\"widget\" id=\"section1\" data-widget_type=\"trx_sc_title.default\">\n\t\t\t\t<div class=\"elementor-widget-container\">\n\t\t\t\t\t<div id=\"section1_sc\"\n\t\tclass=\"sc_title sc_title_default\"><h1 class=\"sc_item_title sc_title_title sc_item_title_style_default sc_item_title_tag trx_addons_inline_1471926007\"><span class=\"sc_item_title_inner\"><span class=\"sc_item_title_text\">Grilles des cours<\/span><\/span><\/h1><\/div><!-- \/.sc_title -->\t\t\t\t<\/div>\n\t\t\t\t<\/div>\n\t\t\t\t<div class=\"elementor-element elementor-element-59e3a26 color-cls sc_fly_static elementor-widget elementor-widget-trx_sc_title\" data-id=\"59e3a26\" data-element_type=\"widget\" data-widget_type=\"trx_sc_title.default\">\n\t\t\t\t<div class=\"elementor-widget-container\">\n\t\t\t\t\t<div id=\"trx_sc_title_606986717\"\n\t\tclass=\"sc_title sc_title_default\"><h3 class=\"sc_item_title sc_title_title sc_item_title_style_default sc_item_title_tag trx_addons_inline_1046646579\"><span class=\"sc_item_title_inner\"><span class=\"sc_item_title_text\"> Industrie Graphique<\/span><\/span><\/h3><\/div><!-- \/.sc_title -->\t\t\t\t<\/div>\n\t\t\t\t<\/div>\n\t\t\t\t\t<\/div>\n\t\t<\/div>\n\t\t\t\t\t<\/div>\n\t\t<\/section>\n\t\t\t\t<section class=\"elementor-section elementor-top-section elementor-element elementor-element-f8aa9ad elementor-section-boxed elementor-section-height-default elementor-section-height-default\" data-id=\"f8aa9ad\" data-element_type=\"section\">\n\t\t\t\t\t\t<div class=\"elementor-container elementor-column-gap-extended\">\n\t\t\t\t\t<div class=\"elementor-column elementor-col-33 elementor-top-column elementor-element elementor-element-679e3e4 sc_layouts_column_icons_position_left\" data-id=\"679e3e4\" data-element_type=\"column\">\n\t\t\t<div class=\"elementor-widget-wrap\">\n\t\t\t\t\t\t\t<\/div>\n\t\t<\/div>\n\t\t\t\t<div class=\"elementor-column elementor-col-33 elementor-top-column elementor-element elementor-element-b663f31 sc_layouts_column_icons_position_left\" data-id=\"b663f31\" data-element_type=\"column\">\n\t\t\t<div class=\"elementor-widget-wrap elementor-element-populated\">\n\t\t\t\t\t\t<div class=\"elementor-element elementor-element-f79e143 elementor-widget__width-initial sc_fly_static elementor-widget elementor-widget-heading\" data-id=\"f79e143\" data-element_type=\"widget\" data-widget_type=\"heading.default\">\n\t\t\t\t<div class=\"elementor-widget-container\">\n\t\t\t\t\t<span class=\"elementor-heading-title elementor-size-large\"><a href=\"https:\/\/www.averwee.be\/site\/wp-content\/uploads\/2024\/02\/3TQ.industrie-graphique-3.pdf\"><a class=\"tatsu-shortcode smallbtn tatsu-button left-icon circular   bg-animation-none  \" href=\"https:\/\/www.averwee.be\/site\/wp-content\/uploads\/2024\/02\/3TQ.industrie-graphique-3.pdf\" aria-label=\"Premier degr\u00e9\" data-gdpr-atts=\"{}\" target=\"_blank\"><i class=\"tatsu-icon fa fa-download\"><\/i>3TQ <\/a><\/a><\/span>\t\t\t\t<\/div>\n\t\t\t\t<\/div>\n\t\t\t\t\t<\/div>\n\t\t<\/div>\n\t\t\t\t<div class=\"elementor-column elementor-col-33 elementor-top-column elementor-element elementor-element-e0ee53b sc_layouts_column_icons_position_left\" data-id=\"e0ee53b\" data-element_type=\"column\">\n\t\t\t<div class=\"elementor-widget-wrap\">\n\t\t\t\t\t\t\t<\/div>\n\t\t<\/div>\n\t\t\t\t\t<\/div>\n\t\t<\/section>\n\t\t\t\t<section class=\"elementor-section elementor-top-section elementor-element elementor-element-90fea54 elementor-section-boxed elementor-section-height-default elementor-section-height-default\" data-id=\"90fea54\" data-element_type=\"section\">\n\t\t\t\t\t\t<div class=\"elementor-container elementor-column-gap-extended\">\n\t\t\t\t\t<div class=\"elementor-column elementor-col-100 elementor-top-column elementor-element elementor-element-837a417 sc_layouts_column_icons_position_left\" data-id=\"837a417\" data-element_type=\"column\">\n\t\t\t<div class=\"elementor-widget-wrap\">\n\t\t\t\t\t\t\t<\/div>\n\t\t<\/div>\n\t\t\t\t\t<\/div>\n\t\t<\/section>\n\t\t\t\t<section class=\"elementor-section elementor-top-section elementor-element elementor-element-52b71d9 elementor-section-boxed elementor-section-height-default elementor-section-height-default\" data-id=\"52b71d9\" data-element_type=\"section\">\n\t\t\t\t\t\t<div class=\"elementor-container elementor-column-gap-extended\">\n\t\t\t\t\t<div class=\"elementor-column elementor-col-33 elementor-top-column elementor-element elementor-element-8555bb6 sc_layouts_column_icons_position_left\" data-id=\"8555bb6\" data-element_type=\"column\">\n\t\t\t<div class=\"elementor-widget-wrap elementor-element-populated\">\n\t\t\t\t\t\t<div class=\"elementor-element elementor-element-771c931 sc_fly_static elementor-widget elementor-widget-image\" data-id=\"771c931\" data-element_type=\"widget\" data-widget_type=\"image.default\">\n\t\t\t\t<div class=\"elementor-widget-container\">\n\t\t\t\t\t\t\t\t\t\t\t\t\t\t\t<img fetchpriority=\"high\" decoding=\"async\" width=\"370\" height=\"370\" src=\"https:\/\/www.averwee.be\/site\/wp-content\/uploads\/2024\/02\/088_technicien_en_industrie_graphique_-_photo-370x370.jpg\" class=\"attachment-post-thumbnail size-post-thumbnail wp-image-11468\" alt=\"\" srcset=\"https:\/\/www.averwee.be\/site\/wp-content\/uploads\/2024\/02\/088_technicien_en_industrie_graphique_-_photo-370x370.jpg 370w, https:\/\/www.averwee.be\/site\/wp-content\/uploads\/2024\/02\/088_technicien_en_industrie_graphique_-_photo-300x300.jpg 300w, https:\/\/www.averwee.be\/site\/wp-content\/uploads\/2024\/02\/088_technicien_en_industrie_graphique_-_photo-150x150.jpg 150w, https:\/\/www.averwee.be\/site\/wp-content\/uploads\/2024\/02\/088_technicien_en_industrie_graphique_-_photo-768x768.jpg 768w, https:\/\/www.averwee.be\/site\/wp-content\/uploads\/2024\/02\/088_technicien_en_industrie_graphique_-_photo-500x500.jpg 500w, https:\/\/www.averwee.be\/site\/wp-content\/uploads\/2024\/02\/088_technicien_en_industrie_graphique_-_photo-75x75.jpg 75w, https:\/\/www.averwee.be\/site\/wp-content\/uploads\/2024\/02\/088_technicien_en_industrie_graphique_-_photo-90x90.jpg 90w, https:\/\/www.averwee.be\/site\/wp-content\/uploads\/2024\/02\/088_technicien_en_industrie_graphique_-_photo-760x760.jpg 760w, https:\/\/www.averwee.be\/site\/wp-content\/uploads\/2024\/02\/088_technicien_en_industrie_graphique_-_photo-112x112.jpg 112w, https:\/\/www.averwee.be\/site\/wp-content\/uploads\/2024\/02\/088_technicien_en_industrie_graphique_-_photo-148x148.jpg 148w, https:\/\/www.averwee.be\/site\/wp-content\/uploads\/2024\/02\/088_technicien_en_industrie_graphique_-_photo.jpg 880w\" sizes=\"(max-width: 370px) 100vw, 370px\" \/>\t\t\t\t\t\t\t\t\t\t\t\t\t\t\t<\/div>\n\t\t\t\t<\/div>\n\t\t\t\t\t<\/div>\n\t\t<\/div>\n\t\t\t\t<div class=\"elementor-column elementor-col-33 elementor-top-column elementor-element elementor-element-3908317 sc_layouts_column_icons_position_left\" data-id=\"3908317\" data-element_type=\"column\">\n\t\t\t<div class=\"elementor-widget-wrap elementor-element-populated\">\n\t\t\t\t\t\t<div class=\"elementor-element elementor-element-a94220c elementor-widget__width-initial sc_fly_static elementor-widget elementor-widget-text-editor\" data-id=\"a94220c\" data-element_type=\"widget\" data-widget_type=\"text-editor.default\">\n\t\t\t\t<div class=\"elementor-widget-container\">\n\t\t\t\t\t\t\t\t\t<p>\u00a0<\/p><p><em><strong>Le technicien \/ la technicienne<\/strong> en<a href=\"https:\/\/monecolemonmetier.cfwb.be\/fileadmin\/sites\/memm\/uploads\/documents\/Fiches_metiers\/Lot_4\/Fiches_PDF\/Mon_ecole_mon_metier_-_fiche_metier_0088_-_Technicien_____Te....pdf\"> industrie graphique <\/a>travaille dans les domaines de l\u2019imprimerie, de l\u2019\u00e9dition et de la publicit\u00e9 \u00e0 la production de documents graphiques destin\u00e9s \u00e0 \u00eatre imprim\u00e9s et\/ou num\u00e9ris\u00e9s. <\/em><\/p><p><em>En respectant la typographie, les contraintes graphiques et esth\u00e9tiques. Il\/elle supervise le projet tout au long de la cha\u00eene graphique. Il\/elle dessine, met en page et propose un projet. Il\/elle organise le travail, lance la production et en assure le contr\u00f4le. <\/em><\/p>\t\t\t\t\t\t\t\t<\/div>\n\t\t\t\t<\/div>\n\t\t\t\t\t<\/div>\n\t\t<\/div>\n\t\t\t\t<div class=\"elementor-column elementor-col-33 elementor-top-column elementor-element elementor-element-a35eaab sc_layouts_column_icons_position_left\" data-id=\"a35eaab\" data-element_type=\"column\">\n\t\t\t<div class=\"elementor-widget-wrap elementor-element-populated\">\n\t\t\t\t\t\t<div class=\"elementor-element elementor-element-74fdadc sc_fly_static elementor-widget elementor-widget-image\" data-id=\"74fdadc\" data-element_type=\"widget\" data-widget_type=\"image.default\">\n\t\t\t\t<div class=\"elementor-widget-container\">\n\t\t\t\t\t\t\t\t\t\t\t\t\t\t\t<img decoding=\"async\" width=\"300\" height=\"300\" src=\"https:\/\/www.averwee.be\/site\/wp-content\/uploads\/2024\/02\/technicien-ne-en-industrie-graphique-586f68ee1926c-300x300.jpeg\" class=\"attachment-medium size-medium wp-image-11455\" alt=\"\" srcset=\"https:\/\/www.averwee.be\/site\/wp-content\/uploads\/2024\/02\/technicien-ne-en-industrie-graphique-586f68ee1926c-300x300.jpeg 300w, https:\/\/www.averwee.be\/site\/wp-content\/uploads\/2024\/02\/technicien-ne-en-industrie-graphique-586f68ee1926c-150x150.jpeg 150w, https:\/\/www.averwee.be\/site\/wp-content\/uploads\/2024\/02\/technicien-ne-en-industrie-graphique-586f68ee1926c-75x75.jpeg 75w, https:\/\/www.averwee.be\/site\/wp-content\/uploads\/2024\/02\/technicien-ne-en-industrie-graphique-586f68ee1926c-90x90.jpeg 90w, https:\/\/www.averwee.be\/site\/wp-content\/uploads\/2024\/02\/technicien-ne-en-industrie-graphique-586f68ee1926c-112x112.jpeg 112w, https:\/\/www.averwee.be\/site\/wp-content\/uploads\/2024\/02\/technicien-ne-en-industrie-graphique-586f68ee1926c-148x148.jpeg 148w, https:\/\/www.averwee.be\/site\/wp-content\/uploads\/2024\/02\/technicien-ne-en-industrie-graphique-586f68ee1926c.jpeg 350w\" sizes=\"(max-width: 300px) 100vw, 300px\" \/>\t\t\t\t\t\t\t\t\t\t\t\t\t\t\t<\/div>\n\t\t\t\t<\/div>\n\t\t\t\t\t<\/div>\n\t\t<\/div>\n\t\t\t\t\t<\/div>\n\t\t<\/section>\n\t\t\t\t<section class=\"elementor-section elementor-top-section elementor-element elementor-element-c42fe0e elementor-section-boxed elementor-section-height-default elementor-section-height-default\" data-id=\"c42fe0e\" data-element_type=\"section\">\n\t\t\t\t\t\t<div class=\"elementor-container elementor-column-gap-extended\">\n\t\t\t\t\t<div class=\"elementor-column elementor-col-100 elementor-top-column elementor-element elementor-element-149d744 sc_layouts_column_icons_position_left\" data-id=\"149d744\" data-element_type=\"column\">\n\t\t\t<div class=\"elementor-widget-wrap elementor-element-populated\">\n\t\t\t\t\t\t<div class=\"elementor-element elementor-element-45cffbe sc_fly_static elementor-widget elementor-widget-spacer\" data-id=\"45cffbe\" data-element_type=\"widget\" data-widget_type=\"spacer.default\">\n\t\t\t\t<div class=\"elementor-widget-container\">\n\t\t\t\t\t\t\t<div class=\"elementor-spacer\">\n\t\t\t<div class=\"elementor-spacer-inner\"><\/div>\n\t\t<\/div>\n\t\t\t\t\t\t<\/div>\n\t\t\t\t<\/div>\n\t\t\t\t\t<\/div>\n\t\t<\/div>\n\t\t\t\t\t<\/div>\n\t\t<\/section>\n\t\t\t\t<\/div>\n\t\t","protected":false},"excerpt":{"rendered":"<p>Grilles des cours Industrie Graphique 3TQ \u00a0 Le technicien \/ la technicienne en industrie graphique travaille dans les domaines de&hellip;<\/p>\n","protected":false},"author":1,"featured_media":0,"parent":0,"menu_order":0,"comment_status":"closed","ping_status":"closed","template":"","meta":{"_EventAllDay":false,"_EventTimezone":"","_EventStartDate":"","_EventEndDate":"","_EventStartDateUTC":"","_EventEndDateUTC":"","_EventShowMap":false,"_EventShowMapLink":false,"_EventURL":"","_EventCost":"","_EventCostDescription":"","_EventCurrencySymbol":"","_EventCurrencyCode":"","_EventCurrencyPosition":"","_EventDateTimeSeparator":"","_EventTimeRangeSeparator":"","_EventOrganizerID":[],"_EventVenueID":[],"_OrganizerEmail":"","_OrganizerPhone":"","_OrganizerWebsite":"","_VenueAddress":"","_VenueCity":"","_VenueCountry":"","_VenueProvince":"","_VenueState":"","_VenueZip":"","_VenuePhone":"","_VenueURL":"","_VenueStateProvince":"","_VenueLat":"","_VenueLng":"","_VenueShowMap":false,"_VenueShowMapLink":false,"footnotes":""},"class_list":["post-9226","page","type-page","status-publish","hentry"],"_links":{"self":[{"href":"https:\/\/www.averwee.be\/site\/wp-json\/wp\/v2\/pages\/9226","targetHints":{"allow":["GET"]}}],"collection":[{"href":"https:\/\/www.averwee.be\/site\/wp-json\/wp\/v2\/pages"}],"about":[{"href":"https:\/\/www.averwee.be\/site\/wp-json\/wp\/v2\/types\/page"}],"author":[{"embeddable":true,"href":"https:\/\/www.averwee.be\/site\/wp-json\/wp\/v2\/users\/1"}],"replies":[{"embeddable":true,"href":"https:\/\/www.averwee.be\/site\/wp-json\/wp\/v2\/comments?post=9226"}],"version-history":[{"count":76,"href":"https:\/\/www.averwee.be\/site\/wp-json\/wp\/v2\/pages\/9226\/revisions"}],"predecessor-version":[{"id":11953,"href":"https:\/\/www.averwee.be\/site\/wp-json\/wp\/v2\/pages\/9226\/revisions\/11953"}],"wp:attachment":[{"href":"https:\/\/www.averwee.be\/site\/wp-json\/wp\/v2\/media?parent=9226"}],"curies":[{"name":"wp","href":"https:\/\/api.w.org\/{rel}","templated":true}]}}